

{"id":492,"date":"2020-03-05T13:34:44","date_gmt":"2020-03-05T12:34:44","guid":{"rendered":"http:\/\/preprod.villamalikasilvana.com\/?page_id=492"},"modified":"2024-04-16T17:06:43","modified_gmt":"2024-04-16T15:06:43","slug":"lieu-de-reception-evenementiel","status":"publish","type":"page","link":"https:\/\/www.villamalikasilvana.com\/ar\/%d9%85%d9%83%d8%a7%d9%86-%d8%a7%d8%b3%d8%aa%d9%82%d8%a8%d8%a7%d9%84-%d9%85%d9%86%d8%a7%d8%b3%d8%a8%d8%a7%d8%aa\/","title":{"rendered":"\u0645\u0643\u0627\u0646 \u0644\u0627\u0633\u062a\u0642\u0628\u0627\u0644 \u0645\u0646\u0627\u0633\u0628\u0627\u062a\u0643\u0645"},"content":{"rendered":"<p><\/p>\n<h2 style=\"text-align: right;\">\u0625\u0642\u0627\u0645\u0629 \u0645\u0646\u0627\u0633\u0628\u0627\u062a\u0643\u0645 \u0641\u064a \u0641\u064a\u0644\u0627 \u0645\u0644\u064a\u0643\u0629 \u0633\u064a\u0644\u0641\u0627\u0646\u0627<\/h2>\n<p style=\"text-align: right;\">\u062a\u0642\u062f\u0645 \u0645\u0631\u0627\u0643\u0634 \u0643\u0645\u064a\u0629 \u0644\u0627 \u062a\u062d\u0635\u0649 \u0645\u0646 \u0627\u0644\u0645\u0646\u0627\u0638\u0631 \u0627\u0644\u0637\u0628\u064a\u0639\u064a\u0629 \u0648\u0623\u0645\u0627\u0643\u0646 \u0645\u062e\u062a\u0644\u0641\u0629 \u0644\u0644\u0627\u062d\u062a\u0641\u0627\u0644 \u0628\u0627\u0644\u0645\u0646\u0627\u0633\u0628\u0627\u062a \u0627\u0644\u062e\u0627\u0635\u0629 \u0628\u0643. \u0644\u0645\u062f\u0629 10 \u0633\u0646\u0648\u0627\u062a \u060c \u0623\u0635\u0628\u062d\u062a \u0641\u064a\u0644\u0627 \u0645\u0644\u064a\u0643\u0629 \u0633\u064a\u0644\u0641\u0627\u0646\u0627 \u0648\u0627\u062d\u062f\u0629 \u0645\u0646 \u0623\u0643\u062b\u0631 \u0627\u0644\u0623\u0645\u0627\u0643\u0646 \u0631\u0645\u0632\u064a\u0629 \u0627\u0644\u062a\u064a \u062a\u0648\u0641\u0631 \u0645\u0633\u0627\u062d\u062a\u0647\u0627 \u0644\u062a\u0646\u0638\u064a\u0645 \u062d\u0641\u0644\u0627\u062a \u0627\u0644\u0632\u0641\u0627\u0641 \u0648\u0623\u0639\u064a\u0627\u062f \u0627\u0644\u0645\u064a\u0644\u0627\u062f \u0648\u0644\u0645 \u0634\u0645\u0644 \u0627\u0644\u0623\u0633\u0631\u0629 \u0648\u0628\u0646\u0627\u0621 \u0627\u0644\u0641\u0631\u064a\u0642 \u0648\u0627\u0644\u062c\u0648\u0644\u0641 \u0633\u064a\u062c\u0648\u0631 &#8230;<\/p>\n<p style=\"text-align: right;\">\u0633\u062a\u0633\u0645\u062d \u0644\u0643 \u0644\u064a\u0644\u0629 \u0627\u0644\u0625\u0642\u0627\u0645\u0629 \u0627\u0644\u0627\u0633\u062a\u0643\u0634\u0627\u0641\u064a\u0629 \u0628\u062a\u0643\u0648\u064a\u0646 \u0641\u0643\u0631\u0629 \u0648\u0627\u0643\u062a\u0634\u0627\u0641 \u0627\u0644\u0625\u0645\u0643\u0627\u0646\u064a\u0627\u062a \u0627\u0644\u062a\u064a \u064a\u0648\u0641\u0631\u0647\u0627 \u0646\u0637\u0627\u0642\u0646\u0627.<\/p>\n<p style=\"text-align: right;\">\u0625\u0646 \u0645\u0631\u0627\u062c\u0639\u0646\u0627 \u0648\u0634\u0647\u0627\u062f\u0627\u062a \u0645\u0636\u064a\u0641\u064a\u0646\u0627 \u0647\u064a \u0623\u0641\u0636\u0644 \u062f\u0644\u064a\u0644 \u0644\u062f\u064a\u0646\u0627.<\/p>\n<p style=\"text-align: right;\">\u0641\u064a\u0644\u0627 \u0645\u0644\u064a\u0643\u0629 \u0633\u064a\u0644\u0641\u0627\u0646\u0627 \u0647\u064a \u0627\u0644\u0645\u0643\u0627\u0646 \u0627\u0644\u0645\u062b\u0627\u0644\u064a! \u0639\u0646\u062f\u0645\u0627 \u0644\u0627 \u062a\u0643\u0648\u0646 &#8220;\u0627\u0644\u0639\u0637\u0644\u0629 \u0627\u0644\u0639\u0627\u0626\u0644\u064a\u0629&#8221; \u0645\u0631\u0627\u062f\u0641\u0629 \u0644\u0640 &#8220;\u0627\u0644\u0625\u062c\u0647\u0627\u062f&#8221; &#8230;.. \u062d\u064a\u062b \u062a\u0635\u0628\u062d &#8220;\u0627\u0644\u0631\u063a\u0628\u0629 \u0641\u064a \u0627\u0644\u0627\u0633\u062a\u0631\u062e\u0627\u0621&#8221; &#8220;\u062d\u0642\u064a\u0642\u0629&#8221;.<\/p>\n<p><\/p>","protected":false},"excerpt":{"rendered":"\u0625\u0642\u0627\u0645\u0629 \u0645\u0646\u0627\u0633\u0628\u0627\u062a\u0643\u0645 \u0641\u064a \u0641\u064a\u0644\u0627 \u0645\u0644\u064a\u0643\u0629 \u0633\u064a\u0644\u0641\u0627\u0646\u0627 \u062a\u0642\u062f\u0645 \u0645\u0631\u0627\u0643\u0634 \u0643\u0645\u064a\u0629 \u0644\u0627 \u062a\u062d\u0635\u0649 \u0645\u0646 \u0627\u0644\u0645\u0646\u0627\u0638\u0631 \u0627\u0644\u0637\u0628\u064a\u0639\u064a\u0629 \u0648\u0623\u0645\u0627\u0643\u0646 \u0645\u062e\u062a\u0644\u0641\u0629 \u0644\u0644\u0627\u062d\u062a\u0641\u0627\u0644 \u0628\u0627\u0644\u0645\u0646\u0627\u0633\u0628\u0627\u062a \u0627\u0644\u062e\u0627\u0635\u0629 \u0628\u0643. \u0644\u0645\u062f\u0629 10 \u0633\u0646\u0648\u0627\u062a \u060c \u0623\u0635\u0628\u062d\u062a \u0641\u064a\u0644\u0627 \u0645\u0644\u064a\u0643\u0629 \u0633\u064a\u0644\u0641\u0627\u0646\u0627 \u0648\u0627\u062d\u062f\u0629 \u0645\u0646 \u0623\u0643\u062b\u0631 \u0627\u0644\u0623\u0645\u0627\u0643\u0646 \u0631\u0645\u0632\u064a\u0629 \u0627\u0644\u062a\u064a \u062a\u0648\u0641\u0631 \u0645\u0633\u0627\u062d\u062a\u0647\u0627 \u0644\u062a\u0646\u0638\u064a\u0645 \u062d\u0641\u0644\u0627\u062a \u0627\u0644\u0632\u0641\u0627\u0641 \u0648\u0623\u0639\u064a\u0627\u062f \u0627\u0644\u0645\u064a\u0644\u0627\u062f \u0648\u0644\u0645 \u0634\u0645\u0644 \u0627\u0644\u0623\u0633\u0631\u0629 \u0648\u0628\u0646\u0627\u0621 \u0627\u0644\u0641\u0631\u064a\u0642 \u0648\u0627\u0644\u062c\u0648\u0644\u0641 \u0633\u064a\u062c\u0648\u0631 &#8230; \u0633\u062a\u0633\u0645\u062d \u0644\u0643 \u0644\u064a\u0644\u0629 \u0627\u0644\u0625\u0642\u0627\u0645\u0629 \u0627\u0644\u0627\u0633\u062a\u0643\u0634\u0627\u0641\u064a\u0629 \u0628\u062a\u0643\u0648\u064a\u0646&#8230; <a class=\"view-article\" href=\"https:\/\/www.villamalikasilvana.com\/ar\/%d9%85%d9%83%d8%a7%d9%86-%d8%a7%d8%b3%d8%aa%d9%82%d8%a8%d8%a7%d9%84-%d9%85%d9%86%d8%a7%d8%b3%d8%a8%d8%a7%d8%aa\/\">View Article<\/a>","protected":false},"author":1,"featured_media":0,"parent":0,"menu_order":0,"comment_status":"closed","ping_status":"closed","template":"template-event.php","meta":{"footnotes":""},"class_list":["post-492","page","type-page","status-publish","hentry"],"yoast_head":"<title>\u0645\u0643\u0627\u0646 \u0644\u0627\u0633\u062a\u0642\u0628\u0627\u0644 \u062d\u0641\u0644\u0627\u062a\u0643\u0645\u060c \u0623\u0639\u0631\u0627\u0633\u060c \u0623\u0639\u064a\u0627\u062f \u0645\u064a\u0644\u0627\u062f<\/title>\n<meta name=\"description\" content=\"\u0645\u0643\u0627\u0646 \u0627\u0644\u0627\u0633\u062a\u0642\u0628\u0627\u0644: \u062a\u0642\u062f\u0645 \u0645\u0631\u0627\u0643\u0634 \u0639\u062f\u062f\u064b\u0627 \u0644\u0627 \u064a\u062d\u0635\u0649 \u0645\u0646 \u0627\u0644\u0645\u0646\u0627\u0638\u0631 \u0627\u0644\u0637\u0628\u064a\u0639\u064a\u0629 \u0648\u0627\u0644\u0623\u0645\u0627\u0643\u0646 \u0627\u0644\u0645\u062e\u062a\u0644\u0641\u0629 \u0644\u0644\u0627\u062d\u062a\u0641\u0627\u0644 \u0628\u0645\u0646\u0627\u0633\u0628\u0627\u062a\u0643\" \/>\n<meta name=\"robots\" content=\"index, follow, max-snippet:-1, max-image-preview:large, max-video-preview:-1\" \/>\n<meta property=\"og:locale\" content=\"ar_AR\" \/>\n<meta property=\"og:type\" content=\"article\" \/>\n<meta property=\"og:title\" content=\"\u0645\u0643\u0627\u0646 \u0644\u0627\u0633\u062a\u0642\u0628\u0627\u0644 \u062d\u0641\u0644\u0627\u062a\u0643\u0645\u060c \u0623\u0639\u0631\u0627\u0633\u060c \u0623\u0639\u064a\u0627\u062f \u0645\u064a\u0644\u0627\u062f\" \/>\n<meta property=\"og:description\" content=\"\u0645\u0643\u0627\u0646 \u0627\u0644\u0627\u0633\u062a\u0642\u0628\u0627\u0644: \u062a\u0642\u062f\u0645 \u0645\u0631\u0627\u0643\u0634 \u0639\u062f\u062f\u064b\u0627 \u0644\u0627 \u064a\u062d\u0635\u0649 \u0645\u0646 \u0627\u0644\u0645\u0646\u0627\u0638\u0631 \u0627\u0644\u0637\u0628\u064a\u0639\u064a\u0629 \u0648\u0627\u0644\u0623\u0645\u0627\u0643\u0646 \u0627\u0644\u0645\u062e\u062a\u0644\u0641\u0629 \u0644\u0644\u0627\u062d\u062a\u0641\u0627\u0644 \u0628\u0645\u0646\u0627\u0633\u0628\u0627\u062a\u0643\" \/>\n<meta property=\"og:url\" content=\"https:\/\/www.villamalikasilvana.com\/ar\/lieu-de-reception-evenementiel\/\" \/>\n<meta property=\"og:site_name\" content=\"Villa Malika Silvana\" \/>\n<meta property=\"article:publisher\" content=\"https:\/\/www.facebook.com\/MalikaSilvana\/\" \/>\n<meta property=\"article:modified_time\" content=\"2024-04-16T15:06:43+00:00\" \/>\n<meta name=\"twitter:card\" content=\"summary_large_image\" \/>\n<meta name=\"twitter:site\" content=\"@VillaMalika\" \/>\n<meta name=\"twitter:label1\" content=\"\u0648\u0642\u062a \u0627\u0644\u0642\u0631\u0627\u0621\u0629 \u0627\u0644\u0645\u064f\u0642\u062f\u0651\u0631\" \/>\n\t<meta name=\"twitter:data1\" content=\"\u062f\u0642\u064a\u0642\u0629 \u0648\u0627\u062d\u062f\u0629\" \/>\n<script type=\"application\/ld+json\" class=\"yoast-schema-graph\">{\"@context\":\"https:\\\/\\\/schema.org\",\"@graph\":[{\"@type\":\"WebPage\",\"@id\":\"https:\\\/\\\/www.villamalikasilvana.com\\\/ar\\\/lieu-de-reception-evenementiel\\\/\",\"url\":\"https:\\\/\\\/www.villamalikasilvana.com\\\/ar\\\/lieu-de-reception-evenementiel\\\/\",\"name\":\"\u0645\u0643\u0627\u0646 \u0644\u0627\u0633\u062a\u0642\u0628\u0627\u0644 \u062d\u0641\u0644\u0627\u062a\u0643\u0645\u060c \u0623\u0639\u0631\u0627\u0633\u060c \u0623\u0639\u064a\u0627\u062f \u0645\u064a\u0644\u0627\u062f\",\"isPartOf\":{\"@id\":\"https:\\\/\\\/www.villamalikasilvana.com\\\/ar\\\/#website\"},\"datePublished\":\"2020-03-05T12:34:44+00:00\",\"dateModified\":\"2024-04-16T15:06:43+00:00\",\"description\":\"\u0645\u0643\u0627\u0646 \u0627\u0644\u0627\u0633\u062a\u0642\u0628\u0627\u0644: \u062a\u0642\u062f\u0645 \u0645\u0631\u0627\u0643\u0634 \u0639\u062f\u062f\u064b\u0627 \u0644\u0627 \u064a\u062d\u0635\u0649 \u0645\u0646 \u0627\u0644\u0645\u0646\u0627\u0638\u0631 \u0627\u0644\u0637\u0628\u064a\u0639\u064a\u0629 \u0648\u0627\u0644\u0623\u0645\u0627\u0643\u0646 \u0627\u0644\u0645\u062e\u062a\u0644\u0641\u0629 \u0644\u0644\u0627\u062d\u062a\u0641\u0627\u0644 \u0628\u0645\u0646\u0627\u0633\u0628\u0627\u062a\u0643\",\"breadcrumb\":{\"@id\":\"https:\\\/\\\/www.villamalikasilvana.com\\\/ar\\\/lieu-de-reception-evenementiel\\\/#breadcrumb\"},\"inLanguage\":\"ar\",\"potentialAction\":[{\"@type\":\"ReadAction\",\"target\":[[\"https:\\\/\\\/www.villamalikasilvana.com\\\/ar\\\/lieu-de-reception-evenementiel\\\/\"]]}]},{\"@type\":\"BreadcrumbList\",\"@id\":\"https:\\\/\\\/www.villamalikasilvana.com\\\/ar\\\/lieu-de-reception-evenementiel\\\/#breadcrumb\",\"itemListElement\":[{\"@type\":\"ListItem\",\"position\":1,\"name\":\"Accueil\",\"item\":\"https:\\\/\\\/www.villamalikasilvana.com\\\/ar\\\/\"},{\"@type\":\"ListItem\",\"position\":2,\"name\":\"Organisez votre \u00e9v\u00e9nement priv\u00e9\"}]},{\"@type\":\"WebSite\",\"@id\":\"https:\\\/\\\/www.villamalikasilvana.com\\\/ar\\\/#website\",\"url\":\"https:\\\/\\\/www.villamalikasilvana.com\\\/ar\\\/\",\"name\":\"Villa Malika Silvana\",\"description\":\"\u0641\u064a\u0644\u0627 \u0641\u064a \u0645\u0631\u0627\u0643\u0634\",\"publisher\":{\"@id\":\"https:\\\/\\\/www.villamalikasilvana.com\\\/ar\\\/#organization\"},\"potentialAction\":[{\"@type\":\"SearchAction\",\"target\":{\"@type\":\"EntryPoint\",\"urlTemplate\":\"https:\\\/\\\/www.villamalikasilvana.com\\\/ar\\\/?s={search_term_string}\"},\"query-input\":{\"@type\":\"PropertyValueSpecification\",\"valueRequired\":true,\"valueName\":\"search_term_string\"}}],\"inLanguage\":\"ar\"},{\"@type\":\"Organization\",\"@id\":\"https:\\\/\\\/www.villamalikasilvana.com\\\/ar\\\/#organization\",\"name\":\"Villa Malika Silvana\",\"url\":\"https:\\\/\\\/www.villamalikasilvana.com\\\/ar\\\/\",\"logo\":{\"@type\":\"ImageObject\",\"inLanguage\":\"ar\",\"@id\":\"https:\\\/\\\/www.villamalikasilvana.com\\\/ar\\\/#\\\/schema\\\/logo\\\/image\\\/\",\"url\":\"https:\\\/\\\/www.villamalikasilvana.com\\\/wp-content\\\/uploads\\\/2023\\\/02\\\/logo-G.png\",\"contentUrl\":\"https:\\\/\\\/www.villamalikasilvana.com\\\/wp-content\\\/uploads\\\/2023\\\/02\\\/logo-G.png\",\"width\":252,\"height\":110,\"caption\":\"Villa Malika Silvana\"},\"image\":{\"@id\":\"https:\\\/\\\/www.villamalikasilvana.com\\\/ar\\\/#\\\/schema\\\/logo\\\/image\\\/\"},\"sameAs\":[\"https:\\\/\\\/www.facebook.com\\\/MalikaSilvana\\\/\",\"https:\\\/\\\/x.com\\\/VillaMalika\"]}]}<\/script>","yoast_head_json":{"title":"\u0645\u0643\u0627\u0646 \u0644\u0627\u0633\u062a\u0642\u0628\u0627\u0644 \u062d\u0641\u0644\u0627\u062a\u0643\u0645\u060c \u0623\u0639\u0631\u0627\u0633\u060c \u0623\u0639\u064a\u0627\u062f \u0645\u064a\u0644\u0627\u062f","description":"\u0645\u0643\u0627\u0646 \u0627\u0644\u0627\u0633\u062a\u0642\u0628\u0627\u0644: \u062a\u0642\u062f\u0645 \u0645\u0631\u0627\u0643\u0634 \u0639\u062f\u062f\u064b\u0627 \u0644\u0627 \u064a\u062d\u0635\u0649 \u0645\u0646 \u0627\u0644\u0645\u0646\u0627\u0638\u0631 \u0627\u0644\u0637\u0628\u064a\u0639\u064a\u0629 \u0648\u0627\u0644\u0623\u0645\u0627\u0643\u0646 \u0627\u0644\u0645\u062e\u062a\u0644\u0641\u0629 \u0644\u0644\u0627\u062d\u062a\u0641\u0627\u0644 \u0628\u0645\u0646\u0627\u0633\u0628\u0627\u062a\u0643","robots":{"index":"index","follow":"follow","max-snippet":"max-snippet:-1","max-image-preview":"max-image-preview:large","max-video-preview":"max-video-preview:-1"},"og_locale":"ar_AR","og_type":"article","og_title":"\u0645\u0643\u0627\u0646 \u0644\u0627\u0633\u062a\u0642\u0628\u0627\u0644 \u062d\u0641\u0644\u0627\u062a\u0643\u0645\u060c \u0623\u0639\u0631\u0627\u0633\u060c \u0623\u0639\u064a\u0627\u062f \u0645\u064a\u0644\u0627\u062f","og_description":"\u0645\u0643\u0627\u0646 \u0627\u0644\u0627\u0633\u062a\u0642\u0628\u0627\u0644: \u062a\u0642\u062f\u0645 \u0645\u0631\u0627\u0643\u0634 \u0639\u062f\u062f\u064b\u0627 \u0644\u0627 \u064a\u062d\u0635\u0649 \u0645\u0646 \u0627\u0644\u0645\u0646\u0627\u0638\u0631 \u0627\u0644\u0637\u0628\u064a\u0639\u064a\u0629 \u0648\u0627\u0644\u0623\u0645\u0627\u0643\u0646 \u0627\u0644\u0645\u062e\u062a\u0644\u0641\u0629 \u0644\u0644\u0627\u062d\u062a\u0641\u0627\u0644 \u0628\u0645\u0646\u0627\u0633\u0628\u0627\u062a\u0643","og_url":"https:\/\/www.villamalikasilvana.com\/ar\/lieu-de-reception-evenementiel\/","og_site_name":"Villa Malika Silvana","article_publisher":"https:\/\/www.facebook.com\/MalikaSilvana\/","article_modified_time":"2024-04-16T15:06:43+00:00","twitter_card":"summary_large_image","twitter_site":"@VillaMalika","twitter_misc":{"\u0648\u0642\u062a \u0627\u0644\u0642\u0631\u0627\u0621\u0629 \u0627\u0644\u0645\u064f\u0642\u062f\u0651\u0631":"\u062f\u0642\u064a\u0642\u0629 \u0648\u0627\u062d\u062f\u0629"},"schema":{"@context":"https:\/\/schema.org","@graph":[{"@type":"WebPage","@id":"https:\/\/www.villamalikasilvana.com\/ar\/lieu-de-reception-evenementiel\/","url":"https:\/\/www.villamalikasilvana.com\/ar\/lieu-de-reception-evenementiel\/","name":"\u0645\u0643\u0627\u0646 \u0644\u0627\u0633\u062a\u0642\u0628\u0627\u0644 \u062d\u0641\u0644\u0627\u062a\u0643\u0645\u060c \u0623\u0639\u0631\u0627\u0633\u060c \u0623\u0639\u064a\u0627\u062f \u0645\u064a\u0644\u0627\u062f","isPartOf":{"@id":"https:\/\/www.villamalikasilvana.com\/ar\/#website"},"datePublished":"2020-03-05T12:34:44+00:00","dateModified":"2024-04-16T15:06:43+00:00","description":"\u0645\u0643\u0627\u0646 \u0627\u0644\u0627\u0633\u062a\u0642\u0628\u0627\u0644: \u062a\u0642\u062f\u0645 \u0645\u0631\u0627\u0643\u0634 \u0639\u062f\u062f\u064b\u0627 \u0644\u0627 \u064a\u062d\u0635\u0649 \u0645\u0646 \u0627\u0644\u0645\u0646\u0627\u0638\u0631 \u0627\u0644\u0637\u0628\u064a\u0639\u064a\u0629 \u0648\u0627\u0644\u0623\u0645\u0627\u0643\u0646 \u0627\u0644\u0645\u062e\u062a\u0644\u0641\u0629 \u0644\u0644\u0627\u062d\u062a\u0641\u0627\u0644 \u0628\u0645\u0646\u0627\u0633\u0628\u0627\u062a\u0643","breadcrumb":{"@id":"https:\/\/www.villamalikasilvana.com\/ar\/lieu-de-reception-evenementiel\/#breadcrumb"},"inLanguage":"ar","potentialAction":[{"@type":"ReadAction","target":[["https:\/\/www.villamalikasilvana.com\/ar\/lieu-de-reception-evenementiel\/"]]}]},{"@type":"BreadcrumbList","@id":"https:\/\/www.villamalikasilvana.com\/ar\/lieu-de-reception-evenementiel\/#breadcrumb","itemListElement":[{"@type":"ListItem","position":1,"name":"Accueil","item":"https:\/\/www.villamalikasilvana.com\/ar\/"},{"@type":"ListItem","position":2,"name":"Organisez votre \u00e9v\u00e9nement priv\u00e9"}]},{"@type":"WebSite","@id":"https:\/\/www.villamalikasilvana.com\/ar\/#website","url":"https:\/\/www.villamalikasilvana.com\/ar\/","name":"Villa Malika Silvana","description":"\u0641\u064a\u0644\u0627 \u0641\u064a \u0645\u0631\u0627\u0643\u0634","publisher":{"@id":"https:\/\/www.villamalikasilvana.com\/ar\/#organization"},"potentialAction":[{"@type":"SearchAction","target":{"@type":"EntryPoint","urlTemplate":"https:\/\/www.villamalikasilvana.com\/ar\/?s={search_term_string}"},"query-input":{"@type":"PropertyValueSpecification","valueRequired":true,"valueName":"search_term_string"}}],"inLanguage":"ar"},{"@type":"Organization","@id":"https:\/\/www.villamalikasilvana.com\/ar\/#organization","name":"Villa Malika Silvana","url":"https:\/\/www.villamalikasilvana.com\/ar\/","logo":{"@type":"ImageObject","inLanguage":"ar","@id":"https:\/\/www.villamalikasilvana.com\/ar\/#\/schema\/logo\/image\/","url":"https:\/\/www.villamalikasilvana.com\/wp-content\/uploads\/2023\/02\/logo-G.png","contentUrl":"https:\/\/www.villamalikasilvana.com\/wp-content\/uploads\/2023\/02\/logo-G.png","width":252,"height":110,"caption":"Villa Malika Silvana"},"image":{"@id":"https:\/\/www.villamalikasilvana.com\/ar\/#\/schema\/logo\/image\/"},"sameAs":["https:\/\/www.facebook.com\/MalikaSilvana\/","https:\/\/x.com\/VillaMalika"]}]}},"_links":{"self":[{"href":"https:\/\/www.villamalikasilvana.com\/ar\/wp-json\/wp\/v2\/pages\/492","targetHints":{"allow":["GET"]}}],"collection":[{"href":"https:\/\/www.villamalikasilvana.com\/ar\/wp-json\/wp\/v2\/pages"}],"about":[{"href":"https:\/\/www.villamalikasilvana.com\/ar\/wp-json\/wp\/v2\/types\/page"}],"author":[{"embeddable":true,"href":"https:\/\/www.villamalikasilvana.com\/ar\/wp-json\/wp\/v2\/users\/1"}],"replies":[{"embeddable":true,"href":"https:\/\/www.villamalikasilvana.com\/ar\/wp-json\/wp\/v2\/comments?post=492"}],"version-history":[{"count":50,"href":"https:\/\/www.villamalikasilvana.com\/ar\/wp-json\/wp\/v2\/pages\/492\/revisions"}],"predecessor-version":[{"id":1435,"href":"https:\/\/www.villamalikasilvana.com\/ar\/wp-json\/wp\/v2\/pages\/492\/revisions\/1435"}],"wp:attachment":[{"href":"https:\/\/www.villamalikasilvana.com\/ar\/wp-json\/wp\/v2\/media?parent=492"}],"curies":[{"name":"wp","href":"https:\/\/api.w.org\/{rel}","templated":true}]}}