

{"id":492,"date":"2020-03-05T13:34:44","date_gmt":"2020-03-05T12:34:44","guid":{"rendered":"http:\/\/preprod.villamalikasilvana.com\/?page_id=492"},"modified":"2024-04-16T17:06:43","modified_gmt":"2024-04-16T15:06:43","slug":"lieu-de-reception-evenementiel","status":"publish","type":"page","link":"https:\/\/www.villamalikasilvana.com\/en\/events\/","title":{"rendered":"Reception place &#8211; event"},"content":{"rendered":"<p><\/p>\n<h2 class=\"heading\">Your event at Villa Malika Silvana<\/h2>\n<p>Marrakech offers an innumerable quantity of landscapes and different places to celebrate your events. For 10 years, villa Malika silvana has become one of the most emblematic places which offers its space for the organization of weddings, birthdays, family reunions, team building, golf s\u00e9gour &#8230;<\/p>\n<p>The night of location offered will allow you to take note of the configuration of the places and to discover the possibilities offered by our domain.<\/p>\n<p>Our references and the testimonies of our hosts are our best proofs.<\/p>\n<p>Villa Malika Silvana is the ideal place! Where &#8220;Family Vacation&#8221; is not synonymous with &#8220;Stress&#8221; &#8230;.. where the &#8220;Desire to Relax&#8221; becomes &#8220;Reality&#8221;.<\/p>","protected":false},"excerpt":{"rendered":"Your event at Villa Malika Silvana Marrakech offers an innumerable quantity of landscapes and different places to celebrate your events. For 10 years, villa Malika silvana has become one of the most emblematic places which offers its space for the organization of weddings, birthdays, family reunions, team building, golf s\u00e9gour &#8230; The night of location&#8230; <a class=\"view-article\" href=\"https:\/\/www.villamalikasilvana.com\/en\/events\/\">View Article<\/a>","protected":false},"author":1,"featured_media":0,"parent":0,"menu_order":0,"comment_status":"closed","ping_status":"closed","template":"template-event.php","meta":{"footnotes":""},"class_list":["post-492","page","type-page","status-publish","hentry"],"yoast_head":"<title>Place of reception - event Marrakech<\/title>\n<meta name=\"description\" content=\"Reception venue: Marrakech offers an innumerable amount of landscapes and different places to celebrate your events\" \/>\n<meta name=\"robots\" content=\"index, follow, max-snippet:-1, max-image-preview:large, max-video-preview:-1\" \/>\n<meta property=\"og:locale\" content=\"en_US\" \/>\n<meta property=\"og:type\" content=\"article\" \/>\n<meta property=\"og:title\" content=\"Place of reception - event Marrakech\" \/>\n<meta property=\"og:description\" content=\"Reception venue: Marrakech offers an innumerable amount of landscapes and different places to celebrate your events\" \/>\n<meta property=\"og:url\" content=\"https:\/\/www.villamalikasilvana.com\/en\/lieu-de-reception-evenementiel\/\" \/>\n<meta property=\"og:site_name\" content=\"Villa Malika Silvana\" \/>\n<meta property=\"article:publisher\" content=\"https:\/\/www.facebook.com\/MalikaSilvana\/\" \/>\n<meta property=\"article:modified_time\" content=\"2024-04-16T15:06:43+00:00\" \/>\n<meta name=\"twitter:card\" content=\"summary_large_image\" \/>\n<meta name=\"twitter:site\" content=\"@VillaMalika\" \/>\n<meta name=\"twitter:label1\" content=\"Est. reading time\" \/>\n\t<meta name=\"twitter:data1\" content=\"1 minute\" \/>\n<script type=\"application\/ld+json\" class=\"yoast-schema-graph\">{\"@context\":\"https:\\\/\\\/schema.org\",\"@graph\":[{\"@type\":\"WebPage\",\"@id\":\"https:\\\/\\\/www.villamalikasilvana.com\\\/en\\\/lieu-de-reception-evenementiel\\\/\",\"url\":\"https:\\\/\\\/www.villamalikasilvana.com\\\/en\\\/lieu-de-reception-evenementiel\\\/\",\"name\":\"Place of reception - event Marrakech\",\"isPartOf\":{\"@id\":\"https:\\\/\\\/www.villamalikasilvana.com\\\/en\\\/#website\"},\"datePublished\":\"2020-03-05T12:34:44+00:00\",\"dateModified\":\"2024-04-16T15:06:43+00:00\",\"description\":\"Reception venue: Marrakech offers an innumerable amount of landscapes and different places to celebrate your events\",\"breadcrumb\":{\"@id\":\"https:\\\/\\\/www.villamalikasilvana.com\\\/en\\\/lieu-de-reception-evenementiel\\\/#breadcrumb\"},\"inLanguage\":\"en-US\",\"potentialAction\":[{\"@type\":\"ReadAction\",\"target\":[[\"https:\\\/\\\/www.villamalikasilvana.com\\\/en\\\/lieu-de-reception-evenementiel\\\/\"]]}]},{\"@type\":\"BreadcrumbList\",\"@id\":\"https:\\\/\\\/www.villamalikasilvana.com\\\/en\\\/lieu-de-reception-evenementiel\\\/#breadcrumb\",\"itemListElement\":[{\"@type\":\"ListItem\",\"position\":1,\"name\":\"Accueil\",\"item\":\"https:\\\/\\\/www.villamalikasilvana.com\\\/en\\\/\"},{\"@type\":\"ListItem\",\"position\":2,\"name\":\"Organisez votre \u00e9v\u00e9nement priv\u00e9\"}]},{\"@type\":\"WebSite\",\"@id\":\"https:\\\/\\\/www.villamalikasilvana.com\\\/en\\\/#website\",\"url\":\"https:\\\/\\\/www.villamalikasilvana.com\\\/en\\\/\",\"name\":\"Villa Malika Silvana\",\"description\":\"Villa in Marrakech\",\"publisher\":{\"@id\":\"https:\\\/\\\/www.villamalikasilvana.com\\\/en\\\/#organization\"},\"potentialAction\":[{\"@type\":\"SearchAction\",\"target\":{\"@type\":\"EntryPoint\",\"urlTemplate\":\"https:\\\/\\\/www.villamalikasilvana.com\\\/en\\\/?s={search_term_string}\"},\"query-input\":{\"@type\":\"PropertyValueSpecification\",\"valueRequired\":true,\"valueName\":\"search_term_string\"}}],\"inLanguage\":\"en-US\"},{\"@type\":\"Organization\",\"@id\":\"https:\\\/\\\/www.villamalikasilvana.com\\\/en\\\/#organization\",\"name\":\"Villa Malika Silvana\",\"url\":\"https:\\\/\\\/www.villamalikasilvana.com\\\/en\\\/\",\"logo\":{\"@type\":\"ImageObject\",\"inLanguage\":\"en-US\",\"@id\":\"https:\\\/\\\/www.villamalikasilvana.com\\\/en\\\/#\\\/schema\\\/logo\\\/image\\\/\",\"url\":\"https:\\\/\\\/www.villamalikasilvana.com\\\/wp-content\\\/uploads\\\/2023\\\/02\\\/logo-G.png\",\"contentUrl\":\"https:\\\/\\\/www.villamalikasilvana.com\\\/wp-content\\\/uploads\\\/2023\\\/02\\\/logo-G.png\",\"width\":252,\"height\":110,\"caption\":\"Villa Malika Silvana\"},\"image\":{\"@id\":\"https:\\\/\\\/www.villamalikasilvana.com\\\/en\\\/#\\\/schema\\\/logo\\\/image\\\/\"},\"sameAs\":[\"https:\\\/\\\/www.facebook.com\\\/MalikaSilvana\\\/\",\"https:\\\/\\\/x.com\\\/VillaMalika\"]}]}<\/script>","yoast_head_json":{"title":"Place of reception - event Marrakech","description":"Reception venue: Marrakech offers an innumerable amount of landscapes and different places to celebrate your events","robots":{"index":"index","follow":"follow","max-snippet":"max-snippet:-1","max-image-preview":"max-image-preview:large","max-video-preview":"max-video-preview:-1"},"og_locale":"en_US","og_type":"article","og_title":"Place of reception - event Marrakech","og_description":"Reception venue: Marrakech offers an innumerable amount of landscapes and different places to celebrate your events","og_url":"https:\/\/www.villamalikasilvana.com\/en\/lieu-de-reception-evenementiel\/","og_site_name":"Villa Malika Silvana","article_publisher":"https:\/\/www.facebook.com\/MalikaSilvana\/","article_modified_time":"2024-04-16T15:06:43+00:00","twitter_card":"summary_large_image","twitter_site":"@VillaMalika","twitter_misc":{"Est. reading time":"1 minute"},"schema":{"@context":"https:\/\/schema.org","@graph":[{"@type":"WebPage","@id":"https:\/\/www.villamalikasilvana.com\/en\/lieu-de-reception-evenementiel\/","url":"https:\/\/www.villamalikasilvana.com\/en\/lieu-de-reception-evenementiel\/","name":"Place of reception - event Marrakech","isPartOf":{"@id":"https:\/\/www.villamalikasilvana.com\/en\/#website"},"datePublished":"2020-03-05T12:34:44+00:00","dateModified":"2024-04-16T15:06:43+00:00","description":"Reception venue: Marrakech offers an innumerable amount of landscapes and different places to celebrate your events","breadcrumb":{"@id":"https:\/\/www.villamalikasilvana.com\/en\/lieu-de-reception-evenementiel\/#breadcrumb"},"inLanguage":"en-US","potentialAction":[{"@type":"ReadAction","target":[["https:\/\/www.villamalikasilvana.com\/en\/lieu-de-reception-evenementiel\/"]]}]},{"@type":"BreadcrumbList","@id":"https:\/\/www.villamalikasilvana.com\/en\/lieu-de-reception-evenementiel\/#breadcrumb","itemListElement":[{"@type":"ListItem","position":1,"name":"Accueil","item":"https:\/\/www.villamalikasilvana.com\/en\/"},{"@type":"ListItem","position":2,"name":"Organisez votre \u00e9v\u00e9nement priv\u00e9"}]},{"@type":"WebSite","@id":"https:\/\/www.villamalikasilvana.com\/en\/#website","url":"https:\/\/www.villamalikasilvana.com\/en\/","name":"Villa Malika Silvana","description":"Villa in Marrakech","publisher":{"@id":"https:\/\/www.villamalikasilvana.com\/en\/#organization"},"potentialAction":[{"@type":"SearchAction","target":{"@type":"EntryPoint","urlTemplate":"https:\/\/www.villamalikasilvana.com\/en\/?s={search_term_string}"},"query-input":{"@type":"PropertyValueSpecification","valueRequired":true,"valueName":"search_term_string"}}],"inLanguage":"en-US"},{"@type":"Organization","@id":"https:\/\/www.villamalikasilvana.com\/en\/#organization","name":"Villa Malika Silvana","url":"https:\/\/www.villamalikasilvana.com\/en\/","logo":{"@type":"ImageObject","inLanguage":"en-US","@id":"https:\/\/www.villamalikasilvana.com\/en\/#\/schema\/logo\/image\/","url":"https:\/\/www.villamalikasilvana.com\/wp-content\/uploads\/2023\/02\/logo-G.png","contentUrl":"https:\/\/www.villamalikasilvana.com\/wp-content\/uploads\/2023\/02\/logo-G.png","width":252,"height":110,"caption":"Villa Malika Silvana"},"image":{"@id":"https:\/\/www.villamalikasilvana.com\/en\/#\/schema\/logo\/image\/"},"sameAs":["https:\/\/www.facebook.com\/MalikaSilvana\/","https:\/\/x.com\/VillaMalika"]}]}},"_links":{"self":[{"href":"https:\/\/www.villamalikasilvana.com\/en\/wp-json\/wp\/v2\/pages\/492","targetHints":{"allow":["GET"]}}],"collection":[{"href":"https:\/\/www.villamalikasilvana.com\/en\/wp-json\/wp\/v2\/pages"}],"about":[{"href":"https:\/\/www.villamalikasilvana.com\/en\/wp-json\/wp\/v2\/types\/page"}],"author":[{"embeddable":true,"href":"https:\/\/www.villamalikasilvana.com\/en\/wp-json\/wp\/v2\/users\/1"}],"replies":[{"embeddable":true,"href":"https:\/\/www.villamalikasilvana.com\/en\/wp-json\/wp\/v2\/comments?post=492"}],"version-history":[{"count":50,"href":"https:\/\/www.villamalikasilvana.com\/en\/wp-json\/wp\/v2\/pages\/492\/revisions"}],"predecessor-version":[{"id":1435,"href":"https:\/\/www.villamalikasilvana.com\/en\/wp-json\/wp\/v2\/pages\/492\/revisions\/1435"}],"wp:attachment":[{"href":"https:\/\/www.villamalikasilvana.com\/en\/wp-json\/wp\/v2\/media?parent=492"}],"curies":[{"name":"wp","href":"https:\/\/api.w.org\/{rel}","templated":true}]}}