

{"id":51,"date":"2019-07-11T12:10:14","date_gmt":"2019-07-11T10:10:14","guid":{"rendered":"http:\/\/preprod.villamalikasilvana.com\/?page_id=51"},"modified":"2024-03-18T15:09:10","modified_gmt":"2024-03-18T14:09:10","slug":"a-propos","status":"publish","type":"page","link":"https:\/\/www.villamalikasilvana.com\/es\/a-proposito\/","title":{"rendered":"A proposito"},"content":{"rendered":"<p>\u00bfDespu\u00e9s de buscar un chalet en Marrakech?<\/p>\n<p>Villa Malika Silvana se eleva como un palacio real en medio de un \u00e1rea ajardinada puramente de Marrakech. Una mezcla interesante de arquitectura marroqu\u00ed y dise\u00f1o internacional, Villa Malika Silvana ofrece a sus visitantes un cambio de escenario at\u00edpico.<br \/>\nCon nosotros, no m\u00e1s estr\u00e9s para encontrar un alquiler de villa en Marrakech que te encante. Nuestras encantadoras suites est\u00e1n seleccionadas y referenciadas para que no pierda m\u00e1s tiempo en la investigaci\u00f3n.<\/p>\n<p>Ofrecemos una villa de alquiler en Marrakech desde 750 \u20ac. Usted tendr\u00e1 servicios de hotel personalizados a petici\u00f3n. Para todas sus necesidades, cont\u00e1ctenos. Le proporcionaremos los precios, condiciones y beneficios. Su estancia en Marrakech sin duda ser\u00e1 inolvidable.<\/p>\n<p>Alquiler de villa en Marrakech, villa en Marrakech, alojamiento en Marrakech, estancia en villa en Marrakech, villa de lujo en Marrakech, villa con piscina en Marrakech, villa de prestigio en Marrakech, alquiler de temporada en Marrakech<\/p>","protected":false},"excerpt":{"rendered":"\u00bfDespu\u00e9s de buscar un chalet en Marrakech? Villa Malika Silvana se eleva como un palacio real en medio de un \u00e1rea ajardinada puramente de Marrakech. Una mezcla interesante de arquitectura marroqu\u00ed y dise\u00f1o internacional, Villa Malika Silvana ofrece a sus visitantes un cambio de escenario at\u00edpico. Con nosotros, no m\u00e1s estr\u00e9s para encontrar un alquiler&#8230; <a class=\"view-article\" href=\"https:\/\/www.villamalikasilvana.com\/es\/a-proposito\/\">Ver art\u00edculo<\/a>","protected":false},"author":1,"featured_media":0,"parent":0,"menu_order":0,"comment_status":"closed","ping_status":"closed","template":"template-about.php","meta":{"footnotes":""},"class_list":["post-51","page","type-page","status-publish","hentry"],"yoast_head":"<title>\u00bfDespu\u00e9s de su b\u00fasqueda de villa de alquiler en Marrakech?<\/title>\n<meta name=\"description\" content=\"Alquiler de villa en Marrakech. Villa Malika Silvana, se levanta como un verdadero palacio en medio de una zona ajardinada puramente de Marrakech\" \/>\n<meta name=\"robots\" content=\"index, follow, max-snippet:-1, max-image-preview:large, max-video-preview:-1\" \/>\n<meta property=\"og:locale\" content=\"es_ES\" \/>\n<meta property=\"og:type\" content=\"article\" \/>\n<meta property=\"og:title\" content=\"\u00bfDespu\u00e9s de su b\u00fasqueda de villa de alquiler en Marrakech?\" \/>\n<meta property=\"og:description\" content=\"Alquiler de villa en Marrakech. Villa Malika Silvana, se levanta como un verdadero palacio en medio de una zona ajardinada puramente de Marrakech\" \/>\n<meta property=\"og:url\" content=\"https:\/\/www.villamalikasilvana.com\/es\/a-propos\/\" \/>\n<meta property=\"og:site_name\" content=\"Villa Malika Silvana\" \/>\n<meta property=\"article:publisher\" content=\"https:\/\/www.facebook.com\/MalikaSilvana\/\" \/>\n<meta property=\"article:modified_time\" content=\"2024-03-18T14:09:10+00:00\" \/>\n<meta name=\"twitter:card\" content=\"summary_large_image\" \/>\n<meta name=\"twitter:site\" content=\"@VillaMalika\" \/>\n<meta name=\"twitter:label1\" content=\"Tiempo de lectura\" \/>\n\t<meta name=\"twitter:data1\" content=\"4 minutos\" \/>\n<script type=\"application\/ld+json\" class=\"yoast-schema-graph\">{\"@context\":\"https:\\\/\\\/schema.org\",\"@graph\":[{\"@type\":\"WebPage\",\"@id\":\"https:\\\/\\\/www.villamalikasilvana.com\\\/es\\\/a-propos\\\/\",\"url\":\"https:\\\/\\\/www.villamalikasilvana.com\\\/es\\\/a-propos\\\/\",\"name\":\"\u00bfDespu\u00e9s de su b\u00fasqueda de villa de alquiler en Marrakech?\",\"isPartOf\":{\"@id\":\"https:\\\/\\\/www.villamalikasilvana.com\\\/es\\\/#website\"},\"datePublished\":\"2019-07-11T10:10:14+00:00\",\"dateModified\":\"2024-03-18T14:09:10+00:00\",\"description\":\"Alquiler de villa en Marrakech. Villa Malika Silvana, se levanta como un verdadero palacio en medio de una zona ajardinada puramente de Marrakech\",\"breadcrumb\":{\"@id\":\"https:\\\/\\\/www.villamalikasilvana.com\\\/es\\\/a-propos\\\/#breadcrumb\"},\"inLanguage\":\"es\",\"potentialAction\":[{\"@type\":\"ReadAction\",\"target\":[[\"https:\\\/\\\/www.villamalikasilvana.com\\\/es\\\/a-propos\\\/\"]]}]},{\"@type\":\"BreadcrumbList\",\"@id\":\"https:\\\/\\\/www.villamalikasilvana.com\\\/es\\\/a-propos\\\/#breadcrumb\",\"itemListElement\":[{\"@type\":\"ListItem\",\"position\":1,\"name\":\"Accueil\",\"item\":\"https:\\\/\\\/www.villamalikasilvana.com\\\/es\\\/\"},{\"@type\":\"ListItem\",\"position\":2,\"name\":\"Votre villa de r\u00eave en exclusivit\u00e9\"}]},{\"@type\":\"WebSite\",\"@id\":\"https:\\\/\\\/www.villamalikasilvana.com\\\/es\\\/#website\",\"url\":\"https:\\\/\\\/www.villamalikasilvana.com\\\/es\\\/\",\"name\":\"Villa Malika Silvana\",\"description\":\"Villa en Marrakech\",\"publisher\":{\"@id\":\"https:\\\/\\\/www.villamalikasilvana.com\\\/es\\\/#organization\"},\"potentialAction\":[{\"@type\":\"SearchAction\",\"target\":{\"@type\":\"EntryPoint\",\"urlTemplate\":\"https:\\\/\\\/www.villamalikasilvana.com\\\/es\\\/?s={search_term_string}\"},\"query-input\":{\"@type\":\"PropertyValueSpecification\",\"valueRequired\":true,\"valueName\":\"search_term_string\"}}],\"inLanguage\":\"es\"},{\"@type\":\"Organization\",\"@id\":\"https:\\\/\\\/www.villamalikasilvana.com\\\/es\\\/#organization\",\"name\":\"Villa Malika Silvana\",\"url\":\"https:\\\/\\\/www.villamalikasilvana.com\\\/es\\\/\",\"logo\":{\"@type\":\"ImageObject\",\"inLanguage\":\"es\",\"@id\":\"https:\\\/\\\/www.villamalikasilvana.com\\\/es\\\/#\\\/schema\\\/logo\\\/image\\\/\",\"url\":\"https:\\\/\\\/www.villamalikasilvana.com\\\/wp-content\\\/uploads\\\/2023\\\/02\\\/logo-G.png\",\"contentUrl\":\"https:\\\/\\\/www.villamalikasilvana.com\\\/wp-content\\\/uploads\\\/2023\\\/02\\\/logo-G.png\",\"width\":252,\"height\":110,\"caption\":\"Villa Malika Silvana\"},\"image\":{\"@id\":\"https:\\\/\\\/www.villamalikasilvana.com\\\/es\\\/#\\\/schema\\\/logo\\\/image\\\/\"},\"sameAs\":[\"https:\\\/\\\/www.facebook.com\\\/MalikaSilvana\\\/\",\"https:\\\/\\\/x.com\\\/VillaMalika\"]}]}<\/script>","yoast_head_json":{"title":"\u00bfDespu\u00e9s de su b\u00fasqueda de villa de alquiler en Marrakech?","description":"Alquiler de villa en Marrakech. Villa Malika Silvana, se levanta como un verdadero palacio en medio de una zona ajardinada puramente de Marrakech","robots":{"index":"index","follow":"follow","max-snippet":"max-snippet:-1","max-image-preview":"max-image-preview:large","max-video-preview":"max-video-preview:-1"},"og_locale":"es_ES","og_type":"article","og_title":"\u00bfDespu\u00e9s de su b\u00fasqueda de villa de alquiler en Marrakech?","og_description":"Alquiler de villa en Marrakech. Villa Malika Silvana, se levanta como un verdadero palacio en medio de una zona ajardinada puramente de Marrakech","og_url":"https:\/\/www.villamalikasilvana.com\/es\/a-propos\/","og_site_name":"Villa Malika Silvana","article_publisher":"https:\/\/www.facebook.com\/MalikaSilvana\/","article_modified_time":"2024-03-18T14:09:10+00:00","twitter_card":"summary_large_image","twitter_site":"@VillaMalika","twitter_misc":{"Tiempo de lectura":"4 minutos"},"schema":{"@context":"https:\/\/schema.org","@graph":[{"@type":"WebPage","@id":"https:\/\/www.villamalikasilvana.com\/es\/a-propos\/","url":"https:\/\/www.villamalikasilvana.com\/es\/a-propos\/","name":"\u00bfDespu\u00e9s de su b\u00fasqueda de villa de alquiler en Marrakech?","isPartOf":{"@id":"https:\/\/www.villamalikasilvana.com\/es\/#website"},"datePublished":"2019-07-11T10:10:14+00:00","dateModified":"2024-03-18T14:09:10+00:00","description":"Alquiler de villa en Marrakech. Villa Malika Silvana, se levanta como un verdadero palacio en medio de una zona ajardinada puramente de Marrakech","breadcrumb":{"@id":"https:\/\/www.villamalikasilvana.com\/es\/a-propos\/#breadcrumb"},"inLanguage":"es","potentialAction":[{"@type":"ReadAction","target":[["https:\/\/www.villamalikasilvana.com\/es\/a-propos\/"]]}]},{"@type":"BreadcrumbList","@id":"https:\/\/www.villamalikasilvana.com\/es\/a-propos\/#breadcrumb","itemListElement":[{"@type":"ListItem","position":1,"name":"Accueil","item":"https:\/\/www.villamalikasilvana.com\/es\/"},{"@type":"ListItem","position":2,"name":"Votre villa de r\u00eave en exclusivit\u00e9"}]},{"@type":"WebSite","@id":"https:\/\/www.villamalikasilvana.com\/es\/#website","url":"https:\/\/www.villamalikasilvana.com\/es\/","name":"Villa Malika Silvana","description":"Villa en Marrakech","publisher":{"@id":"https:\/\/www.villamalikasilvana.com\/es\/#organization"},"potentialAction":[{"@type":"SearchAction","target":{"@type":"EntryPoint","urlTemplate":"https:\/\/www.villamalikasilvana.com\/es\/?s={search_term_string}"},"query-input":{"@type":"PropertyValueSpecification","valueRequired":true,"valueName":"search_term_string"}}],"inLanguage":"es"},{"@type":"Organization","@id":"https:\/\/www.villamalikasilvana.com\/es\/#organization","name":"Villa Malika Silvana","url":"https:\/\/www.villamalikasilvana.com\/es\/","logo":{"@type":"ImageObject","inLanguage":"es","@id":"https:\/\/www.villamalikasilvana.com\/es\/#\/schema\/logo\/image\/","url":"https:\/\/www.villamalikasilvana.com\/wp-content\/uploads\/2023\/02\/logo-G.png","contentUrl":"https:\/\/www.villamalikasilvana.com\/wp-content\/uploads\/2023\/02\/logo-G.png","width":252,"height":110,"caption":"Villa Malika Silvana"},"image":{"@id":"https:\/\/www.villamalikasilvana.com\/es\/#\/schema\/logo\/image\/"},"sameAs":["https:\/\/www.facebook.com\/MalikaSilvana\/","https:\/\/x.com\/VillaMalika"]}]}},"_links":{"self":[{"href":"https:\/\/www.villamalikasilvana.com\/es\/wp-json\/wp\/v2\/pages\/51","targetHints":{"allow":["GET"]}}],"collection":[{"href":"https:\/\/www.villamalikasilvana.com\/es\/wp-json\/wp\/v2\/pages"}],"about":[{"href":"https:\/\/www.villamalikasilvana.com\/es\/wp-json\/wp\/v2\/types\/page"}],"author":[{"embeddable":true,"href":"https:\/\/www.villamalikasilvana.com\/es\/wp-json\/wp\/v2\/users\/1"}],"replies":[{"embeddable":true,"href":"https:\/\/www.villamalikasilvana.com\/es\/wp-json\/wp\/v2\/comments?post=51"}],"version-history":[{"count":59,"href":"https:\/\/www.villamalikasilvana.com\/es\/wp-json\/wp\/v2\/pages\/51\/revisions"}],"predecessor-version":[{"id":1432,"href":"https:\/\/www.villamalikasilvana.com\/es\/wp-json\/wp\/v2\/pages\/51\/revisions\/1432"}],"wp:attachment":[{"href":"https:\/\/www.villamalikasilvana.com\/es\/wp-json\/wp\/v2\/media?parent=51"}],"curies":[{"name":"wp","href":"https:\/\/api.w.org\/{rel}","templated":true}]}}