

{"id":152,"date":"2019-07-23T21:25:44","date_gmt":"2019-07-23T19:25:44","guid":{"rendered":"http:\/\/preprod.villamalikasilvana.com\/?post_type=product&#038;p=152"},"modified":"2023-02-13T16:39:18","modified_gmt":"2023-02-13T15:39:18","slug":"chambre-scarabee","status":"publish","type":"product","link":"https:\/\/www.villamalikasilvana.com\/es\/habitacion\/habitacion-el-escarabajo\/","title":{"rendered":"habitaci\u00f3n el escarabajo"},"content":{"rendered":"<p>Habitaci\u00f3n &#8220;el escarabajo&#8221;, vestida de zellige en tonos azul turquesa, se encuentra arriba y ofrece todas las comodidades necesarias para el bienestar de los hu\u00e9spedes. Est\u00e1 impregnado de una atm\u00f3sfera que da un lugar de orgullo a los sue\u00f1os.<\/p>\n<div class=\"row\">\n<div class=\"col-xs-6 col-md-4\">\n<h6>Caracteristicas<\/h6>\n<ul>\n<li>Max: 2 personas<\/li>\n<li>Superficie: 30 m2<\/li>\n<li>Vista: jard\u00edn<\/li>\n<li>Cama: King-size<\/li>\n<\/ul>\n<\/div>\n<div class=\"col-xs-6 col-md-4\">\n<h6>SERVICIO INMEDIATO<\/h6>\n<ul>\n<li>Ba\u00f1o con ba\u00f1era<\/li>\n<li>Secador de pelo<\/li>\n<li>Caja fuerte<\/li>\n<li>Calefacci\u00f3n independiente<\/li>\n<li>Aire acondicionado independiente<\/li>\n<li>Mini bar<\/li>\n<li>Televisi\u00f3n<\/li>\n<li>Wi-fi gratis<\/li>\n<\/ul>\n<\/div>\n<\/div>\n<p><\/p>","protected":false},"excerpt":{"rendered":"La habitaci\u00f3n &#8220;el escarabajo&#8221;, vestida de zellige en tonos azul turquesa, se encuentra arriba y ofrece todas las comodidades necesarias.","protected":false},"featured_media":1005,"template":"","meta":[],"class_list":["post-152","product","type-product","status-publish","has-post-thumbnail","hentry","product_cat-non-classe"],"yoast_head":"<title>habitaci\u00f3n el escarabajo - Vista: Jard\u00edn - Villa Malika Silvana<\/title>\n<meta name=\"description\" content=\"habitaci\u00f3n el escarabajo : todo vestido con zellige en tonos azul-turquesa, est\u00e1 arriba y ofrece todas las comodidades necesarias para el bienestar de los clientes\" \/>\n<meta name=\"robots\" content=\"index, follow, max-snippet:-1, max-image-preview:large, max-video-preview:-1\" \/>\n<meta property=\"og:locale\" content=\"es_ES\" \/>\n<meta property=\"og:type\" content=\"article\" \/>\n<meta property=\"og:title\" content=\"habitaci\u00f3n el escarabajo - Vista: Jard\u00edn - Villa Malika Silvana\" \/>\n<meta property=\"og:description\" content=\"habitaci\u00f3n el escarabajo : todo vestido con zellige en tonos azul-turquesa, est\u00e1 arriba y ofrece todas las comodidades necesarias para el bienestar de los clientes\" \/>\n<meta property=\"og:url\" content=\"https:\/\/www.villamalikasilvana.com\/es\/chambres\/chambre-scarabee\/\" \/>\n<meta property=\"og:site_name\" content=\"Villa Malika Silvana\" \/>\n<meta property=\"article:publisher\" content=\"https:\/\/www.facebook.com\/MalikaSilvana\/\" \/>\n<meta property=\"article:modified_time\" content=\"2023-02-13T15:39:18+00:00\" \/>\n<meta property=\"og:image\" content=\"https:\/\/www.villamalikasilvana.com\/wp-content\/uploads\/2020\/12\/Chambre-le-scarab\u00e9e-Villa-Malika-Silvana-2-scaled.jpg\" \/>\n\t<meta property=\"og:image:width\" content=\"2560\" \/>\n\t<meta property=\"og:image:height\" content=\"1846\" \/>\n\t<meta property=\"og:image:type\" content=\"image\/jpeg\" \/>\n<meta name=\"twitter:card\" content=\"summary_large_image\" \/>\n<meta name=\"twitter:site\" content=\"@VillaMalika\" \/>\n<meta name=\"twitter:label1\" content=\"Tiempo de lectura\" \/>\n\t<meta name=\"twitter:data1\" content=\"1 minuto\" \/>\n<script type=\"application\/ld+json\" class=\"yoast-schema-graph\">{\"@context\":\"https:\\\/\\\/schema.org\",\"@graph\":[{\"@type\":\"WebPage\",\"@id\":\"https:\\\/\\\/www.villamalikasilvana.com\\\/es\\\/chambres\\\/chambre-scarabee\\\/\",\"url\":\"https:\\\/\\\/www.villamalikasilvana.com\\\/es\\\/chambres\\\/chambre-scarabee\\\/\",\"name\":\"habitaci\u00f3n el escarabajo - Vista: Jard\u00edn - Villa Malika Silvana\",\"isPartOf\":{\"@id\":\"https:\\\/\\\/www.villamalikasilvana.com\\\/es\\\/#website\"},\"primaryImageOfPage\":{\"@id\":\"https:\\\/\\\/www.villamalikasilvana.com\\\/es\\\/chambres\\\/chambre-scarabee\\\/#primaryimage\"},\"image\":{\"@id\":\"https:\\\/\\\/www.villamalikasilvana.com\\\/chambres\\\/chambre-scarabee\\\/#primaryimage\"},\"thumbnailUrl\":\"https:\\\/\\\/www.villamalikasilvana.com\\\/wp-content\\\/uploads\\\/2020\\\/12\\\/Chambre-le-scarab\u00e9e-Villa-Malika-Silvana-2-scaled.jpg\",\"datePublished\":\"2019-07-23T19:25:44+00:00\",\"dateModified\":\"2023-02-13T15:39:18+00:00\",\"description\":\"habitaci\u00f3n el escarabajo : todo vestido con zellige en tonos azul-turquesa, est\u00e1 arriba y ofrece todas las comodidades necesarias para el bienestar de los clientes\",\"breadcrumb\":{\"@id\":\"https:\\\/\\\/www.villamalikasilvana.com\\\/es\\\/chambres\\\/chambre-scarabee\\\/#breadcrumb\"},\"inLanguage\":\"es\",\"potentialAction\":[{\"@type\":\"ReadAction\",\"target\":[[\"https:\\\/\\\/www.villamalikasilvana.com\\\/es\\\/chambres\\\/chambre-scarabee\\\/\"]]}]},{\"@type\":\"ImageObject\",\"inLanguage\":\"es\",\"@id\":\"https:\\\/\\\/www.villamalikasilvana.com\\\/es\\\/chambres\\\/chambre-scarabee\\\/#primaryimage\",\"url\":\"https:\\\/\\\/www.villamalikasilvana.com\\\/wp-content\\\/uploads\\\/2020\\\/12\\\/Chambre-le-scarab\u00e9e-Villa-Malika-Silvana-2-scaled.jpg\",\"contentUrl\":\"https:\\\/\\\/www.villamalikasilvana.com\\\/wp-content\\\/uploads\\\/2020\\\/12\\\/Chambre-le-scarab\u00e9e-Villa-Malika-Silvana-2-scaled.jpg\",\"width\":2560,\"height\":1846,\"caption\":\"Chambre le scarab\u00e9e Villa Malika Silvana\"},{\"@type\":\"BreadcrumbList\",\"@id\":\"https:\\\/\\\/www.villamalikasilvana.com\\\/es\\\/chambres\\\/chambre-scarabee\\\/#breadcrumb\",\"itemListElement\":[{\"@type\":\"ListItem\",\"position\":1,\"name\":\"Accueil\",\"item\":\"https:\\\/\\\/www.villamalikasilvana.com\\\/es\\\/\"},{\"@type\":\"ListItem\",\"position\":2,\"name\":\"Chambre scarab\u00e9e\"}]},{\"@type\":\"WebSite\",\"@id\":\"https:\\\/\\\/www.villamalikasilvana.com\\\/es\\\/#website\",\"url\":\"https:\\\/\\\/www.villamalikasilvana.com\\\/es\\\/\",\"name\":\"Villa Malika Silvana\",\"description\":\"Villa en Marrakech\",\"publisher\":{\"@id\":\"https:\\\/\\\/www.villamalikasilvana.com\\\/es\\\/#organization\"},\"potentialAction\":[{\"@type\":\"SearchAction\",\"target\":{\"@type\":\"EntryPoint\",\"urlTemplate\":\"https:\\\/\\\/www.villamalikasilvana.com\\\/es\\\/?s={search_term_string}\"},\"query-input\":{\"@type\":\"PropertyValueSpecification\",\"valueRequired\":true,\"valueName\":\"search_term_string\"}}],\"inLanguage\":\"es\"},{\"@type\":\"Organization\",\"@id\":\"https:\\\/\\\/www.villamalikasilvana.com\\\/es\\\/#organization\",\"name\":\"Villa Malika Silvana\",\"url\":\"https:\\\/\\\/www.villamalikasilvana.com\\\/es\\\/\",\"logo\":{\"@type\":\"ImageObject\",\"inLanguage\":\"es\",\"@id\":\"https:\\\/\\\/www.villamalikasilvana.com\\\/es\\\/#\\\/schema\\\/logo\\\/image\\\/\",\"url\":\"https:\\\/\\\/www.villamalikasilvana.com\\\/wp-content\\\/uploads\\\/2023\\\/02\\\/logo-G.png\",\"contentUrl\":\"https:\\\/\\\/www.villamalikasilvana.com\\\/wp-content\\\/uploads\\\/2023\\\/02\\\/logo-G.png\",\"width\":252,\"height\":110,\"caption\":\"Villa Malika Silvana\"},\"image\":{\"@id\":\"https:\\\/\\\/www.villamalikasilvana.com\\\/es\\\/#\\\/schema\\\/logo\\\/image\\\/\"},\"sameAs\":[\"https:\\\/\\\/www.facebook.com\\\/MalikaSilvana\\\/\",\"https:\\\/\\\/x.com\\\/VillaMalika\"]}]}<\/script>","yoast_head_json":{"title":"habitaci\u00f3n el escarabajo - Vista: Jard\u00edn - Villa Malika Silvana","description":"habitaci\u00f3n el escarabajo : todo vestido con zellige en tonos azul-turquesa, est\u00e1 arriba y ofrece todas las comodidades necesarias para el bienestar de los clientes","robots":{"index":"index","follow":"follow","max-snippet":"max-snippet:-1","max-image-preview":"max-image-preview:large","max-video-preview":"max-video-preview:-1"},"og_locale":"es_ES","og_type":"article","og_title":"habitaci\u00f3n el escarabajo - Vista: Jard\u00edn - Villa Malika Silvana","og_description":"habitaci\u00f3n el escarabajo : todo vestido con zellige en tonos azul-turquesa, est\u00e1 arriba y ofrece todas las comodidades necesarias para el bienestar de los clientes","og_url":"https:\/\/www.villamalikasilvana.com\/es\/chambres\/chambre-scarabee\/","og_site_name":"Villa Malika Silvana","article_publisher":"https:\/\/www.facebook.com\/MalikaSilvana\/","article_modified_time":"2023-02-13T15:39:18+00:00","og_image":[{"width":2560,"height":1846,"url":"https:\/\/www.villamalikasilvana.com\/wp-content\/uploads\/2020\/12\/Chambre-le-scarab\u00e9e-Villa-Malika-Silvana-2-scaled.jpg","type":"image\/jpeg"}],"twitter_card":"summary_large_image","twitter_site":"@VillaMalika","twitter_misc":{"Tiempo de lectura":"1 minuto"},"schema":{"@context":"https:\/\/schema.org","@graph":[{"@type":"WebPage","@id":"https:\/\/www.villamalikasilvana.com\/es\/chambres\/chambre-scarabee\/","url":"https:\/\/www.villamalikasilvana.com\/es\/chambres\/chambre-scarabee\/","name":"habitaci\u00f3n el escarabajo - Vista: Jard\u00edn - Villa Malika Silvana","isPartOf":{"@id":"https:\/\/www.villamalikasilvana.com\/es\/#website"},"primaryImageOfPage":{"@id":"https:\/\/www.villamalikasilvana.com\/es\/chambres\/chambre-scarabee\/#primaryimage"},"image":{"@id":"https:\/\/www.villamalikasilvana.com\/chambres\/chambre-scarabee\/#primaryimage"},"thumbnailUrl":"https:\/\/www.villamalikasilvana.com\/wp-content\/uploads\/2020\/12\/Chambre-le-scarab\u00e9e-Villa-Malika-Silvana-2-scaled.jpg","datePublished":"2019-07-23T19:25:44+00:00","dateModified":"2023-02-13T15:39:18+00:00","description":"habitaci\u00f3n el escarabajo : todo vestido con zellige en tonos azul-turquesa, est\u00e1 arriba y ofrece todas las comodidades necesarias para el bienestar de los clientes","breadcrumb":{"@id":"https:\/\/www.villamalikasilvana.com\/es\/chambres\/chambre-scarabee\/#breadcrumb"},"inLanguage":"es","potentialAction":[{"@type":"ReadAction","target":[["https:\/\/www.villamalikasilvana.com\/es\/chambres\/chambre-scarabee\/"]]}]},{"@type":"ImageObject","inLanguage":"es","@id":"https:\/\/www.villamalikasilvana.com\/es\/chambres\/chambre-scarabee\/#primaryimage","url":"https:\/\/www.villamalikasilvana.com\/wp-content\/uploads\/2020\/12\/Chambre-le-scarab\u00e9e-Villa-Malika-Silvana-2-scaled.jpg","contentUrl":"https:\/\/www.villamalikasilvana.com\/wp-content\/uploads\/2020\/12\/Chambre-le-scarab\u00e9e-Villa-Malika-Silvana-2-scaled.jpg","width":2560,"height":1846,"caption":"Chambre le scarab\u00e9e Villa Malika Silvana"},{"@type":"BreadcrumbList","@id":"https:\/\/www.villamalikasilvana.com\/es\/chambres\/chambre-scarabee\/#breadcrumb","itemListElement":[{"@type":"ListItem","position":1,"name":"Accueil","item":"https:\/\/www.villamalikasilvana.com\/es\/"},{"@type":"ListItem","position":2,"name":"Chambre scarab\u00e9e"}]},{"@type":"WebSite","@id":"https:\/\/www.villamalikasilvana.com\/es\/#website","url":"https:\/\/www.villamalikasilvana.com\/es\/","name":"Villa Malika Silvana","description":"Villa en Marrakech","publisher":{"@id":"https:\/\/www.villamalikasilvana.com\/es\/#organization"},"potentialAction":[{"@type":"SearchAction","target":{"@type":"EntryPoint","urlTemplate":"https:\/\/www.villamalikasilvana.com\/es\/?s={search_term_string}"},"query-input":{"@type":"PropertyValueSpecification","valueRequired":true,"valueName":"search_term_string"}}],"inLanguage":"es"},{"@type":"Organization","@id":"https:\/\/www.villamalikasilvana.com\/es\/#organization","name":"Villa Malika Silvana","url":"https:\/\/www.villamalikasilvana.com\/es\/","logo":{"@type":"ImageObject","inLanguage":"es","@id":"https:\/\/www.villamalikasilvana.com\/es\/#\/schema\/logo\/image\/","url":"https:\/\/www.villamalikasilvana.com\/wp-content\/uploads\/2023\/02\/logo-G.png","contentUrl":"https:\/\/www.villamalikasilvana.com\/wp-content\/uploads\/2023\/02\/logo-G.png","width":252,"height":110,"caption":"Villa Malika Silvana"},"image":{"@id":"https:\/\/www.villamalikasilvana.com\/es\/#\/schema\/logo\/image\/"},"sameAs":["https:\/\/www.facebook.com\/MalikaSilvana\/","https:\/\/x.com\/VillaMalika"]}]}},"_links":{"self":[{"href":"https:\/\/www.villamalikasilvana.com\/es\/wp-json\/wp\/v2\/product\/152","targetHints":{"allow":["GET"]}}],"collection":[{"href":"https:\/\/www.villamalikasilvana.com\/es\/wp-json\/wp\/v2\/product"}],"about":[{"href":"https:\/\/www.villamalikasilvana.com\/es\/wp-json\/wp\/v2\/types\/product"}],"wp:featuredmedia":[{"embeddable":true,"href":"https:\/\/www.villamalikasilvana.com\/es\/wp-json\/wp\/v2\/media\/1005"}],"wp:attachment":[{"href":"https:\/\/www.villamalikasilvana.com\/es\/wp-json\/wp\/v2\/media?parent=152"}],"curies":[{"name":"wp","href":"https:\/\/api.w.org\/{rel}","templated":true}]}}