

{"id":163,"date":"2019-07-23T21:35:50","date_gmt":"2019-07-23T19:35:50","guid":{"rendered":"http:\/\/preprod.villamalikasilvana.com\/?post_type=product&#038;p=163"},"modified":"2023-02-13T16:32:48","modified_gmt":"2023-02-13T15:32:48","slug":"chambre-papillon","status":"publish","type":"product","link":"https:\/\/www.villamalikasilvana.com\/es\/habitacion\/habitacion-la-mariposa\/","title":{"rendered":"Habitaciones La mariposa"},"content":{"rendered":"<p>La sala &#8220;Le Papillon&#8221; est\u00e1 en el 1er piso de la villa, ofrece acceso a la terraza vecina desde la que se puede contemplar el Atlas.<\/p>\n<p>El amplio dormitorio tiene vestidor y ba\u00f1o con ba\u00f1era de m\u00e1rmol y ducha. El juego de espejos da la ilusi\u00f3n de estar en una larga galer\u00eda.<\/p>\n<div class=\"row\">\n<div class=\"col-xs-6 col-md-4\">\n<h6>Caracteristicas<\/h6>\n<ul>\n<li>M\u00e1ximo: 2 Persona (s)<\/li>\n<li>Superficie: 40 m2<\/li>\n<li>Vista: Jard\u00edn<\/li>\n<li>Cama: King<\/li>\n<\/ul>\n<\/div>\n<div class=\"col-xs-6 col-md-4\">\n<h6>SERVICIO Suite<\/h6>\n<ul>\n<li>Ba\u00f1o con ba\u00f1era<\/li>\n<li>Secador de pelo<\/li>\n<li>Caja fuerte<\/li>\n<li>Calefacci\u00f3n independiente<\/li>\n<li>Aire acondicionado independiente<\/li>\n<li>Mini bar<\/li>\n<li>Televisi\u00f3n<\/li>\n<li>Wi-Fi gratis<\/li>\n<\/ul>\n<\/div>\n<\/div>\n<p><\/p>","protected":false},"excerpt":{"rendered":"<span class=\"VIiyi\" lang=\"es\"><span class=\"JLqJ4b ChMk0b C1N51c\" data-language-for-alternatives=\"es\" data-language-to-translate-into=\"fr\" data-phrase-index=\"0\">La sala &#8220;Le Papillon&#8221; est\u00e1 en el 1er piso de la villa, ofrece acceso a la terraza vecina desde la que se puede contemplar el Atlas<\/span><\/span>","protected":false},"featured_media":995,"template":"","meta":[],"class_list":["post-163","product","type-product","status-publish","has-post-thumbnail","hentry","product_cat-non-classe"],"yoast_head":"<title>Habitaciones La mariposa - Superficie: 40 m2 - Villa Malika Silvana<\/title>\n<meta name=\"description\" content=\"Habitaciones La mariposa est\u00e1 en el 1er piso de la villa, ofrece acceso a la terraza vecina desde donde se puede contemplar el Atlas\" \/>\n<meta name=\"robots\" content=\"index, follow, max-snippet:-1, max-image-preview:large, max-video-preview:-1\" \/>\n<meta property=\"og:locale\" content=\"es_ES\" \/>\n<meta property=\"og:type\" content=\"article\" \/>\n<meta property=\"og:title\" content=\"Habitaciones La mariposa - Superficie: 40 m2 - Villa Malika Silvana\" \/>\n<meta property=\"og:description\" content=\"Habitaciones La mariposa est\u00e1 en el 1er piso de la villa, ofrece acceso a la terraza vecina desde donde se puede contemplar el Atlas\" \/>\n<meta property=\"og:url\" content=\"https:\/\/www.villamalikasilvana.com\/es\/chambres\/chambre-papillon\/\" \/>\n<meta property=\"og:site_name\" content=\"Villa Malika Silvana\" \/>\n<meta property=\"article:publisher\" content=\"https:\/\/www.facebook.com\/MalikaSilvana\/\" \/>\n<meta property=\"article:modified_time\" content=\"2023-02-13T15:32:48+00:00\" \/>\n<meta property=\"og:image\" content=\"https:\/\/www.villamalikasilvana.com\/wp-content\/uploads\/2020\/12\/Chambre-le-papillon-Villa-Malika-Marrakech-5-scaled-e1675784972777.jpg\" \/>\n\t<meta property=\"og:image:width\" content=\"1200\" \/>\n\t<meta property=\"og:image:height\" content=\"780\" \/>\n\t<meta property=\"og:image:type\" content=\"image\/jpeg\" \/>\n<meta name=\"twitter:card\" content=\"summary_large_image\" \/>\n<meta name=\"twitter:site\" content=\"@VillaMalika\" \/>\n<meta name=\"twitter:label1\" content=\"Tiempo de lectura\" \/>\n\t<meta name=\"twitter:data1\" content=\"1 minuto\" \/>\n<script type=\"application\/ld+json\" class=\"yoast-schema-graph\">{\"@context\":\"https:\\\/\\\/schema.org\",\"@graph\":[{\"@type\":\"WebPage\",\"@id\":\"https:\\\/\\\/www.villamalikasilvana.com\\\/es\\\/chambres\\\/chambre-papillon\\\/\",\"url\":\"https:\\\/\\\/www.villamalikasilvana.com\\\/es\\\/chambres\\\/chambre-papillon\\\/\",\"name\":\"Habitaciones La mariposa - Superficie: 40 m2 - Villa Malika Silvana\",\"isPartOf\":{\"@id\":\"https:\\\/\\\/www.villamalikasilvana.com\\\/es\\\/#website\"},\"primaryImageOfPage\":{\"@id\":\"https:\\\/\\\/www.villamalikasilvana.com\\\/es\\\/chambres\\\/chambre-papillon\\\/#primaryimage\"},\"image\":{\"@id\":\"https:\\\/\\\/www.villamalikasilvana.com\\\/chambres\\\/chambre-papillon\\\/#primaryimage\"},\"thumbnailUrl\":\"https:\\\/\\\/www.villamalikasilvana.com\\\/wp-content\\\/uploads\\\/2020\\\/12\\\/Chambre-le-papillon-Villa-Malika-Marrakech-5-scaled-e1675784972777.jpg\",\"datePublished\":\"2019-07-23T19:35:50+00:00\",\"dateModified\":\"2023-02-13T15:32:48+00:00\",\"description\":\"Habitaciones La mariposa est\u00e1 en el 1er piso de la villa, ofrece acceso a la terraza vecina desde donde se puede contemplar el Atlas\",\"breadcrumb\":{\"@id\":\"https:\\\/\\\/www.villamalikasilvana.com\\\/es\\\/chambres\\\/chambre-papillon\\\/#breadcrumb\"},\"inLanguage\":\"es\",\"potentialAction\":[{\"@type\":\"ReadAction\",\"target\":[[\"https:\\\/\\\/www.villamalikasilvana.com\\\/es\\\/chambres\\\/chambre-papillon\\\/\"]]}]},{\"@type\":\"ImageObject\",\"inLanguage\":\"es\",\"@id\":\"https:\\\/\\\/www.villamalikasilvana.com\\\/es\\\/chambres\\\/chambre-papillon\\\/#primaryimage\",\"url\":\"https:\\\/\\\/www.villamalikasilvana.com\\\/wp-content\\\/uploads\\\/2020\\\/12\\\/Chambre-le-papillon-Villa-Malika-Marrakech-5-scaled-e1675784972777.jpg\",\"contentUrl\":\"https:\\\/\\\/www.villamalikasilvana.com\\\/wp-content\\\/uploads\\\/2020\\\/12\\\/Chambre-le-papillon-Villa-Malika-Marrakech-5-scaled-e1675784972777.jpg\",\"width\":1200,\"height\":780,\"caption\":\"Chambre le papillon - Villa Malika Marrakech\"},{\"@type\":\"BreadcrumbList\",\"@id\":\"https:\\\/\\\/www.villamalikasilvana.com\\\/es\\\/chambres\\\/chambre-papillon\\\/#breadcrumb\",\"itemListElement\":[{\"@type\":\"ListItem\",\"position\":1,\"name\":\"Accueil\",\"item\":\"https:\\\/\\\/www.villamalikasilvana.com\\\/es\\\/\"},{\"@type\":\"ListItem\",\"position\":2,\"name\":\"Chambre le papillon\"}]},{\"@type\":\"WebSite\",\"@id\":\"https:\\\/\\\/www.villamalikasilvana.com\\\/es\\\/#website\",\"url\":\"https:\\\/\\\/www.villamalikasilvana.com\\\/es\\\/\",\"name\":\"Villa Malika Silvana\",\"description\":\"Villa en Marrakech\",\"publisher\":{\"@id\":\"https:\\\/\\\/www.villamalikasilvana.com\\\/es\\\/#organization\"},\"potentialAction\":[{\"@type\":\"SearchAction\",\"target\":{\"@type\":\"EntryPoint\",\"urlTemplate\":\"https:\\\/\\\/www.villamalikasilvana.com\\\/es\\\/?s={search_term_string}\"},\"query-input\":{\"@type\":\"PropertyValueSpecification\",\"valueRequired\":true,\"valueName\":\"search_term_string\"}}],\"inLanguage\":\"es\"},{\"@type\":\"Organization\",\"@id\":\"https:\\\/\\\/www.villamalikasilvana.com\\\/es\\\/#organization\",\"name\":\"Villa Malika Silvana\",\"url\":\"https:\\\/\\\/www.villamalikasilvana.com\\\/es\\\/\",\"logo\":{\"@type\":\"ImageObject\",\"inLanguage\":\"es\",\"@id\":\"https:\\\/\\\/www.villamalikasilvana.com\\\/es\\\/#\\\/schema\\\/logo\\\/image\\\/\",\"url\":\"https:\\\/\\\/www.villamalikasilvana.com\\\/wp-content\\\/uploads\\\/2023\\\/02\\\/logo-G.png\",\"contentUrl\":\"https:\\\/\\\/www.villamalikasilvana.com\\\/wp-content\\\/uploads\\\/2023\\\/02\\\/logo-G.png\",\"width\":252,\"height\":110,\"caption\":\"Villa Malika Silvana\"},\"image\":{\"@id\":\"https:\\\/\\\/www.villamalikasilvana.com\\\/es\\\/#\\\/schema\\\/logo\\\/image\\\/\"},\"sameAs\":[\"https:\\\/\\\/www.facebook.com\\\/MalikaSilvana\\\/\",\"https:\\\/\\\/x.com\\\/VillaMalika\"]}]}<\/script>","yoast_head_json":{"title":"Habitaciones La mariposa - Superficie: 40 m2 - Villa Malika Silvana","description":"Habitaciones La mariposa est\u00e1 en el 1er piso de la villa, ofrece acceso a la terraza vecina desde donde se puede contemplar el Atlas","robots":{"index":"index","follow":"follow","max-snippet":"max-snippet:-1","max-image-preview":"max-image-preview:large","max-video-preview":"max-video-preview:-1"},"og_locale":"es_ES","og_type":"article","og_title":"Habitaciones La mariposa - Superficie: 40 m2 - Villa Malika Silvana","og_description":"Habitaciones La mariposa est\u00e1 en el 1er piso de la villa, ofrece acceso a la terraza vecina desde donde se puede contemplar el Atlas","og_url":"https:\/\/www.villamalikasilvana.com\/es\/chambres\/chambre-papillon\/","og_site_name":"Villa Malika Silvana","article_publisher":"https:\/\/www.facebook.com\/MalikaSilvana\/","article_modified_time":"2023-02-13T15:32:48+00:00","og_image":[{"width":1200,"height":780,"url":"https:\/\/www.villamalikasilvana.com\/wp-content\/uploads\/2020\/12\/Chambre-le-papillon-Villa-Malika-Marrakech-5-scaled-e1675784972777.jpg","type":"image\/jpeg"}],"twitter_card":"summary_large_image","twitter_site":"@VillaMalika","twitter_misc":{"Tiempo de lectura":"1 minuto"},"schema":{"@context":"https:\/\/schema.org","@graph":[{"@type":"WebPage","@id":"https:\/\/www.villamalikasilvana.com\/es\/chambres\/chambre-papillon\/","url":"https:\/\/www.villamalikasilvana.com\/es\/chambres\/chambre-papillon\/","name":"Habitaciones La mariposa - Superficie: 40 m2 - Villa Malika Silvana","isPartOf":{"@id":"https:\/\/www.villamalikasilvana.com\/es\/#website"},"primaryImageOfPage":{"@id":"https:\/\/www.villamalikasilvana.com\/es\/chambres\/chambre-papillon\/#primaryimage"},"image":{"@id":"https:\/\/www.villamalikasilvana.com\/chambres\/chambre-papillon\/#primaryimage"},"thumbnailUrl":"https:\/\/www.villamalikasilvana.com\/wp-content\/uploads\/2020\/12\/Chambre-le-papillon-Villa-Malika-Marrakech-5-scaled-e1675784972777.jpg","datePublished":"2019-07-23T19:35:50+00:00","dateModified":"2023-02-13T15:32:48+00:00","description":"Habitaciones La mariposa est\u00e1 en el 1er piso de la villa, ofrece acceso a la terraza vecina desde donde se puede contemplar el Atlas","breadcrumb":{"@id":"https:\/\/www.villamalikasilvana.com\/es\/chambres\/chambre-papillon\/#breadcrumb"},"inLanguage":"es","potentialAction":[{"@type":"ReadAction","target":[["https:\/\/www.villamalikasilvana.com\/es\/chambres\/chambre-papillon\/"]]}]},{"@type":"ImageObject","inLanguage":"es","@id":"https:\/\/www.villamalikasilvana.com\/es\/chambres\/chambre-papillon\/#primaryimage","url":"https:\/\/www.villamalikasilvana.com\/wp-content\/uploads\/2020\/12\/Chambre-le-papillon-Villa-Malika-Marrakech-5-scaled-e1675784972777.jpg","contentUrl":"https:\/\/www.villamalikasilvana.com\/wp-content\/uploads\/2020\/12\/Chambre-le-papillon-Villa-Malika-Marrakech-5-scaled-e1675784972777.jpg","width":1200,"height":780,"caption":"Chambre le papillon - Villa Malika Marrakech"},{"@type":"BreadcrumbList","@id":"https:\/\/www.villamalikasilvana.com\/es\/chambres\/chambre-papillon\/#breadcrumb","itemListElement":[{"@type":"ListItem","position":1,"name":"Accueil","item":"https:\/\/www.villamalikasilvana.com\/es\/"},{"@type":"ListItem","position":2,"name":"Chambre le papillon"}]},{"@type":"WebSite","@id":"https:\/\/www.villamalikasilvana.com\/es\/#website","url":"https:\/\/www.villamalikasilvana.com\/es\/","name":"Villa Malika Silvana","description":"Villa en Marrakech","publisher":{"@id":"https:\/\/www.villamalikasilvana.com\/es\/#organization"},"potentialAction":[{"@type":"SearchAction","target":{"@type":"EntryPoint","urlTemplate":"https:\/\/www.villamalikasilvana.com\/es\/?s={search_term_string}"},"query-input":{"@type":"PropertyValueSpecification","valueRequired":true,"valueName":"search_term_string"}}],"inLanguage":"es"},{"@type":"Organization","@id":"https:\/\/www.villamalikasilvana.com\/es\/#organization","name":"Villa Malika Silvana","url":"https:\/\/www.villamalikasilvana.com\/es\/","logo":{"@type":"ImageObject","inLanguage":"es","@id":"https:\/\/www.villamalikasilvana.com\/es\/#\/schema\/logo\/image\/","url":"https:\/\/www.villamalikasilvana.com\/wp-content\/uploads\/2023\/02\/logo-G.png","contentUrl":"https:\/\/www.villamalikasilvana.com\/wp-content\/uploads\/2023\/02\/logo-G.png","width":252,"height":110,"caption":"Villa Malika Silvana"},"image":{"@id":"https:\/\/www.villamalikasilvana.com\/es\/#\/schema\/logo\/image\/"},"sameAs":["https:\/\/www.facebook.com\/MalikaSilvana\/","https:\/\/x.com\/VillaMalika"]}]}},"_links":{"self":[{"href":"https:\/\/www.villamalikasilvana.com\/es\/wp-json\/wp\/v2\/product\/163","targetHints":{"allow":["GET"]}}],"collection":[{"href":"https:\/\/www.villamalikasilvana.com\/es\/wp-json\/wp\/v2\/product"}],"about":[{"href":"https:\/\/www.villamalikasilvana.com\/es\/wp-json\/wp\/v2\/types\/product"}],"wp:featuredmedia":[{"embeddable":true,"href":"https:\/\/www.villamalikasilvana.com\/es\/wp-json\/wp\/v2\/media\/995"}],"wp:attachment":[{"href":"https:\/\/www.villamalikasilvana.com\/es\/wp-json\/wp\/v2\/media?parent=163"}],"curies":[{"name":"wp","href":"https:\/\/api.w.org\/{rel}","templated":true}]}}