

{"id":3,"date":"2019-07-05T13:59:34","date_gmt":"2019-07-05T11:59:34","guid":{"rendered":"http:\/\/preprod.villamalikasilvana.com\/?page_id=3"},"modified":"2023-04-19T02:14:10","modified_gmt":"2023-04-19T00:14:10","slug":"conditions-generales-de-vente","status":"publish","type":"page","link":"https:\/\/www.villamalikasilvana.com\/it\/termini-e-condizioni-generali\/","title":{"rendered":"Termini e condizioni generali"},"content":{"rendered":"<p><strong>Scopo<\/strong><\/p>\n<p>Il sito web www.villamalikasilvana.com facilita la prenotazione online. Ti consigliamo di leggere attentamente e comprendere appieno le condizioni generali di vendita prima di utilizzare i nostri servizi. Accedendo e utilizzando i nostri servizi, accetti legalmente di rispettare le presenti condizioni generali di vendita e le eventuali modifiche a cui saranno soggette periodicamente. Ci riserviamo il diritto di modificare le presenti condizioni generali di vendita in qualsiasi momento e tali modifiche entreranno in vigore una volta pubblicate sul sito web.<\/p>\n<p>Le condizioni generali di vendita sono espresse in pi\u00f9 lingue ma, in caso di controversia, fa riferimento solo il testo francese.<\/p>\n<p><strong>Durata<\/strong><\/p>\n<p>Le presenti condizioni generali di vendita si applicano per tutta la durata dei servizi online di Villa Malika Silvana sul sito ufficiale.<\/p>\n<p>L&#8217;hotel si riserva il diritto, senza preavviso, di chiudere temporaneamente o definitivamente l&#8217;accesso al proprio sito e\/o all&#8217;area di prenotazione online.<\/p>\n<p><strong>Responsabilit\u00e0<\/strong><\/p>\n<p>Le fotografie presentate sul sito web non sono contrattuali. Anche se viene fatto tutto il possibile affinch\u00e9 le fotografie, le rappresentazioni grafiche e i testi riprodotti per illustrare la pensione presentata forniscano una panoramica il pi\u00f9 precisa possibile dei servizi di alloggio offerti, possono verificarsi variazioni, in particolare a causa del cambio di arredamento o eventuali ristrutturazioni.<\/p>\n<p>La struttura non pu\u00f2 essere ritenuta responsabile per la mancata o cattiva esecuzione della prenotazione in caso di forza maggiore, imputabile a terzi, a causa del cliente, in particolare l&#8217;indisponibilit\u00e0 della rete Internet, l&#8217;impossibilit\u00e0 di accedere al sito web , intrusioni esterne, virus informatici o in caso di pagamento anticipato non autorizzato dalla banca al portatore.<\/p>\n<p>I collegamenti ipertestuali possono rimandare a siti diversi dal sito web di Villa Malika Silvana, che declina ogni responsabilit\u00e0 in merito al contenuto di tali siti e ai servizi offerti.<\/p>\n<p>Lo stabilimento pu\u00f2 essere liberato dai suoi obblighi o sospendere l&#8217;esecuzione se non \u00e8 in grado di assumerli a causa del verificarsi di un caso di forza maggiore, e in particolare in caso di distruzione totale o parziale dello stabilimento, sciopero ecc&#8230;<\/p>\n<p><strong>Bambini<\/strong><\/p>\n<p>A partire dai 12 anni i bambini sono considerati adulti.<\/p>\n<p><strong>Prezzi<\/strong><\/p>\n<p>Le tariffe tengono conto dell&#8217;IVA applicabile il giorno della prenotazione. Qualsiasi modifica o introduzione di nuove tasse legali o regolamentari imposte dalle autorit\u00e0 competenti si rifletter\u00e0 automaticamente nei prezzi indicati alla data di partenza.<\/p>\n<p>La conversione in valuta estera \u00e8 data a titolo indicativo e non contrattuale. Viene garantita solo la valuta confermata in fase di prenotazione (se tale valuta \u00e8 diversa da quella utilizzata presso il nostro affittacamere, eventuali addebiti saranno a carico del cliente).<\/p>\n<p>Se una tariffa implica che il pagamento viene effettuato presso la pensione al momento dell&#8217;arrivo o della partenza del soggiorno e che la valuta del cliente non \u00e8 la stessa di quella dell&#8217;hotel, \u00e8 probabile che la tariffa addebitata dalla nostra pensione sia diversa da quanto comunicato in fase di prenotazione, tenendo conto della possibile evoluzione dei tassi di cambio tra la data di prenotazione e le date di soggiorno presso l&#8217;affittacamere Villa Malika Silvana.<\/p>\n<p>Le tariffe possono essere maggiorate di tasse diverse a seconda della citt\u00e0\/paese. Il cliente si impegna a pagare le varie tasse, senza alcuna controversia con Villa Malika Silvana.<\/p>\n<p>Alcune offerte promozionali disponibili su Internet sono vendute esclusivamente su Internet o solo da remoto e in nessun caso presso la reception di Villa Malika Silvana.<\/p>\n<p><strong>Prenotazione<\/strong><\/p>\n<p>Il cliente sceglie i servizi presentati sulla nostra piattaforma di prenotazione. Dichiara di aver preso visione della natura, della destinazione e delle modalit\u00e0 di prenotazione dei servizi disponibili sulla nostra piattaforma di prenotazione e di aver richiesto ed ottenuto le informazioni necessarie e\/o aggiuntive per effettuare con cognizione di causa la sua prenotazione. Il cliente \u00e8 l&#8217;unico responsabile della sua scelta dei servizi e della loro idoneit\u00e0 alle sue esigenze, quindi la nostra responsabilit\u00e0 non pu\u00f2 essere invocata al riguardo. La prenotazione si considera accettata dal cliente al termine del processo di prenotazione.<\/p>\n<p><strong>Processo di prenotazione<\/strong><\/p>\n<p>Le prenotazioni effettuate dal cliente vengono effettuate tramite il voucher di prenotazione dematerializzato disponibile online sulla nostra piattaforma di prenotazione. La prenotazione si considera effettuata al ricevimento del voucher di prenotazione. Il cliente si impegna, prima di ogni prenotazione, a completare le informazioni richieste sul voucher o sulla richiesta di prenotazione. Il cliente certifica la veridicit\u00e0 e l&#8217;esattezza delle informazioni trasmesse. Dopo la scelta definitiva dei servizi da prenotare, la procedura di prenotazione prevede, in particolare, l&#8217;inserimento della carta bancaria in caso di richiesta di garanzia o acconto, la consultazione e l&#8217;accettazione delle condizioni generali di vendita e delle condizioni di vendita della tariffa prenotata prima della convalida della prenotazione e, infine, della convalida della prenotazione da parte del cliente.<\/p>\n<p><strong>Conferma di ricezione della prenotazione<\/strong><\/p>\n<p>Il nostro modulo di prenotazionetform conferma la ricezione della prenotazione del cliente inviando una e-mail senza indugio. In caso di prenotazione online, la conferma di ricezione della prenotazione via e-mail riepiloga l&#8217;offerta di prenotazione, i servizi prenotati, i prezzi, le condizioni di vendita relative alla tariffa prescelta, accettate dal cliente, la data di prenotazione effettuata, il informazioni relative al servizio post-vendita, nonch\u00e9 l&#8217;indirizzo dello stabilimento del venditore con cui il cliente pu\u00f2 presentare i suoi reclami.<\/p>\n<p><strong>Annullamento o modifica da parte del cliente<\/strong><\/p>\n<p>Si ricorda al cliente, ai sensi dell&#8217;articolo L. 121-21-8 12\u00b0 del Codice del Consumo, che non dispone del diritto di recesso previsto dall&#8217;articolo L. 121-21 del consumo. Le condizioni di vendita della tariffa prenotata specificano i termini di cancellazione e\/o modifica della prenotazione. Le prenotazioni con pagamento anticipato non possono essere soggette ad alcuna modifica e\/o cancellazione. Gli importi anticipati che costituiscono la caparra non saranno oggetto di alcun rimborso. In questo caso, \u00e8 menzionato nelle condizioni di vendita della tariffa. Quando le condizioni di vendita della tariffa prenotata lo consentono, la cancellazione della prenotazione pu\u00f2 essere effettuata direttamente con la struttura, i cui recapiti telefonici sono specificati sulla conferma della prenotazione inviata via email. Tutte le prenotazioni sono nominative e non possono in nessun caso essere cedute a terzi, n\u00e9 a titolo gratuito n\u00e9 a pagamento.<\/p>\n<p><strong>Consumo del servizio<\/strong><\/p>\n<p>Qualsiasi comportamento contrario al buon costume e all&#8217;ordine pubblico porter\u00e0 la struttura a chiedere al cliente di lasciare la struttura senza alcun compenso e\/o senza alcun rimborso se \u00e8 gi\u00e0 stato effettuato un pagamento. Per gli stabilimenti con Regolamento Interno, il cliente accetta e si impegna a rispettare tale regolamento. In caso di inosservanza da parte del cliente di una delle disposizioni del Regolamento Interno, lo stabilimento sar\u00e0 obbligato ad invitare il cliente a lasciare lo stabilimento senza alcun indennizzo e\/o senza alcun rimborso se \u00e8 gi\u00e0 stato effettuato un conguaglio.<\/p>\n<p><strong>Sicurezza<\/strong><\/p>\n<p>Abbiamo adottato la piattaforma Paypal per garantire e proteggere in modo ottimale i dati relativi alla tua carta di credito. Tuttavia, durante la trasmissione dei dati, non possiamo essere ritenuti responsabili per perdite o interruzioni del servizio derivanti da un tuo errore. Se utilizzi i Nostri Servizi tramite un computer che non ti appartiene, assicurati di disconnetterti dal nostro sito.<\/p>\n<p><strong>Denunce, contestazioni<\/strong><\/p>\n<p>I reclami relativi alla mancata o cattiva esecuzione dei servizi prenotati devono, a pena di decadenza, essere portati alla nostra attenzione per iscritto entro otto giorni dalla data di partenza dalla struttura.<\/p>\n<p><strong>Accordo di prova<\/strong><\/p>\n<p>L&#8217;inserimento delle coordinate bancarie richieste, cos\u00ec come l&#8217;accettazione delle presenti condizioni generali e del buono o richiesta di prenotazione, costituisce una firma elettronica che ha, tra le parti, lo stesso valore di una firma autografa. I registri informatici custoditi nei sistemi informatici di Villa Malika Silvana.com. saranno conservati in ragionevoli condizioni di sicurezza e considerati come prova di comunicazioni, ordini e pagamenti tra le parti.<\/p>\n<p><strong>Dislocazione<\/strong><\/p>\n<p>In caso di forza maggiore, la struttura si riserva la possibilit\u00e0 di far alloggiare in tutto o in parte i clienti in un hotel di categoria equivalente per servizi dello stesso tipo, i costi inerenti al trasferimento restano a carico della struttura, che non pu\u00f2 essere richiesta al pagamento di ogni ulteriore compenso.<\/p>\n<p><strong>Assicurazione &#8211; danni &#8211; rotture &#8211; furto<\/strong><\/p>\n<p>Il cliente deve garantire la custodia dei suoi beni e materiali. \u00c8 disponibile una cassaforte in camera. Il cliente deve informare lo stabilimento di qualsiasi deterioramento di cui \u00e8 responsabile. Egli \u00e8 responsabile di tutti i danni da lui causati e si impegna, in caso di deterioramento dei luoghi messi a disposizione (suite, parti comuni, ecc.) a sostenere le spese di ripristino.<\/p>\n<p><strong>Garanzia<\/strong><\/p>\n<p>Nessun importo verr\u00e0 prelevato. Paghi solo il 30% del tuo soggiorno come deposito cauzionale necessario per convalidare la tua prenotazione.<\/p>","protected":false},"excerpt":{"rendered":"Scopo Il sito web www.villamalikasilvana.com facilita la prenotazione online. Ti consigliamo di leggere attentamente e comprendere appieno le condizioni generali di vendita prima di utilizzare i nostri servizi. Accedendo e utilizzando i nostri servizi, accetti legalmente di rispettare le presenti condizioni generali di vendita e le eventuali modifiche a cui saranno soggette periodicamente. Ci riserviamo&#8230; <a class=\"view-article\" href=\"https:\/\/www.villamalikasilvana.com\/it\/termini-e-condizioni-generali\/\">Mostra articolo<\/a>","protected":false},"author":1,"featured_media":0,"parent":0,"menu_order":0,"comment_status":"closed","ping_status":"open","template":"","meta":{"footnotes":""},"class_list":["post-3","page","type-page","status-publish","hentry"],"yoast_head":"<title>Termini e condizioni generali - Villa Malika Silvana<\/title>\n<meta name=\"description\" content=\"Ti consigliamo di leggere attentamente e comprendere le condizioni generali di vendita  - Villa Malika Silvana\" \/>\n<meta name=\"robots\" content=\"index, follow, max-snippet:-1, max-image-preview:large, max-video-preview:-1\" \/>\n<meta property=\"og:locale\" content=\"it_IT\" \/>\n<meta property=\"og:type\" content=\"article\" \/>\n<meta property=\"og:title\" content=\"Termini e condizioni generali - Villa Malika Silvana\" \/>\n<meta property=\"og:description\" content=\"Ti consigliamo di leggere attentamente e comprendere le condizioni generali di vendita  - Villa Malika Silvana\" \/>\n<meta property=\"og:url\" content=\"https:\/\/www.villamalikasilvana.com\/it\/conditions-generales-de-vente\/\" \/>\n<meta property=\"og:site_name\" content=\"Villa Malika Silvana\" \/>\n<meta property=\"article:publisher\" content=\"https:\/\/www.facebook.com\/MalikaSilvana\/\" \/>\n<meta property=\"article:modified_time\" content=\"2023-04-19T00:14:10+00:00\" \/>\n<meta name=\"twitter:card\" content=\"summary_large_image\" \/>\n<meta name=\"twitter:site\" content=\"@VillaMalika\" \/>\n<meta name=\"twitter:label1\" content=\"Tempo di lettura stimato\" \/>\n\t<meta name=\"twitter:data1\" content=\"8 minuti\" \/>\n<script type=\"application\/ld+json\" class=\"yoast-schema-graph\">{\"@context\":\"https:\\\/\\\/schema.org\",\"@graph\":[{\"@type\":\"WebPage\",\"@id\":\"https:\\\/\\\/www.villamalikasilvana.com\\\/it\\\/conditions-generales-de-vente\\\/\",\"url\":\"https:\\\/\\\/www.villamalikasilvana.com\\\/it\\\/conditions-generales-de-vente\\\/\",\"name\":\"Termini e condizioni generali - Villa Malika Silvana\",\"isPartOf\":{\"@id\":\"https:\\\/\\\/www.villamalikasilvana.com\\\/it\\\/#website\"},\"datePublished\":\"2019-07-05T11:59:34+00:00\",\"dateModified\":\"2023-04-19T00:14:10+00:00\",\"description\":\"Ti consigliamo di leggere attentamente e comprendere le condizioni generali di vendita  - Villa Malika Silvana\",\"breadcrumb\":{\"@id\":\"https:\\\/\\\/www.villamalikasilvana.com\\\/it\\\/conditions-generales-de-vente\\\/#breadcrumb\"},\"inLanguage\":\"it-IT\",\"potentialAction\":[{\"@type\":\"ReadAction\",\"target\":[[\"https:\\\/\\\/www.villamalikasilvana.com\\\/it\\\/conditions-generales-de-vente\\\/\"]]}]},{\"@type\":\"BreadcrumbList\",\"@id\":\"https:\\\/\\\/www.villamalikasilvana.com\\\/it\\\/conditions-generales-de-vente\\\/#breadcrumb\",\"itemListElement\":[{\"@type\":\"ListItem\",\"position\":1,\"name\":\"Accueil\",\"item\":\"https:\\\/\\\/www.villamalikasilvana.com\\\/it\\\/\"},{\"@type\":\"ListItem\",\"position\":2,\"name\":\"Conditions g\u00e9n\u00e9rales de vente\"}]},{\"@type\":\"WebSite\",\"@id\":\"https:\\\/\\\/www.villamalikasilvana.com\\\/it\\\/#website\",\"url\":\"https:\\\/\\\/www.villamalikasilvana.com\\\/it\\\/\",\"name\":\"Villa Malika Silvana\",\"description\":\"Villa a Marrakech\",\"publisher\":{\"@id\":\"https:\\\/\\\/www.villamalikasilvana.com\\\/it\\\/#organization\"},\"potentialAction\":[{\"@type\":\"SearchAction\",\"target\":{\"@type\":\"EntryPoint\",\"urlTemplate\":\"https:\\\/\\\/www.villamalikasilvana.com\\\/it\\\/?s={search_term_string}\"},\"query-input\":{\"@type\":\"PropertyValueSpecification\",\"valueRequired\":true,\"valueName\":\"search_term_string\"}}],\"inLanguage\":\"it-IT\"},{\"@type\":\"Organization\",\"@id\":\"https:\\\/\\\/www.villamalikasilvana.com\\\/it\\\/#organization\",\"name\":\"Villa Malika Silvana\",\"url\":\"https:\\\/\\\/www.villamalikasilvana.com\\\/it\\\/\",\"logo\":{\"@type\":\"ImageObject\",\"inLanguage\":\"it-IT\",\"@id\":\"https:\\\/\\\/www.villamalikasilvana.com\\\/it\\\/#\\\/schema\\\/logo\\\/image\\\/\",\"url\":\"https:\\\/\\\/www.villamalikasilvana.com\\\/wp-content\\\/uploads\\\/2023\\\/02\\\/logo-G.png\",\"contentUrl\":\"https:\\\/\\\/www.villamalikasilvana.com\\\/wp-content\\\/uploads\\\/2023\\\/02\\\/logo-G.png\",\"width\":252,\"height\":110,\"caption\":\"Villa Malika Silvana\"},\"image\":{\"@id\":\"https:\\\/\\\/www.villamalikasilvana.com\\\/it\\\/#\\\/schema\\\/logo\\\/image\\\/\"},\"sameAs\":[\"https:\\\/\\\/www.facebook.com\\\/MalikaSilvana\\\/\",\"https:\\\/\\\/x.com\\\/VillaMalika\"]}]}<\/script>","yoast_head_json":{"title":"Termini e condizioni generali - Villa Malika Silvana","description":"Ti consigliamo di leggere attentamente e comprendere le condizioni generali di vendita  - Villa Malika Silvana","robots":{"index":"index","follow":"follow","max-snippet":"max-snippet:-1","max-image-preview":"max-image-preview:large","max-video-preview":"max-video-preview:-1"},"og_locale":"it_IT","og_type":"article","og_title":"Termini e condizioni generali - Villa Malika Silvana","og_description":"Ti consigliamo di leggere attentamente e comprendere le condizioni generali di vendita  - Villa Malika Silvana","og_url":"https:\/\/www.villamalikasilvana.com\/it\/conditions-generales-de-vente\/","og_site_name":"Villa Malika Silvana","article_publisher":"https:\/\/www.facebook.com\/MalikaSilvana\/","article_modified_time":"2023-04-19T00:14:10+00:00","twitter_card":"summary_large_image","twitter_site":"@VillaMalika","twitter_misc":{"Tempo di lettura stimato":"8 minuti"},"schema":{"@context":"https:\/\/schema.org","@graph":[{"@type":"WebPage","@id":"https:\/\/www.villamalikasilvana.com\/it\/conditions-generales-de-vente\/","url":"https:\/\/www.villamalikasilvana.com\/it\/conditions-generales-de-vente\/","name":"Termini e condizioni generali - Villa Malika Silvana","isPartOf":{"@id":"https:\/\/www.villamalikasilvana.com\/it\/#website"},"datePublished":"2019-07-05T11:59:34+00:00","dateModified":"2023-04-19T00:14:10+00:00","description":"Ti consigliamo di leggere attentamente e comprendere le condizioni generali di vendita  - Villa Malika Silvana","breadcrumb":{"@id":"https:\/\/www.villamalikasilvana.com\/it\/conditions-generales-de-vente\/#breadcrumb"},"inLanguage":"it-IT","potentialAction":[{"@type":"ReadAction","target":[["https:\/\/www.villamalikasilvana.com\/it\/conditions-generales-de-vente\/"]]}]},{"@type":"BreadcrumbList","@id":"https:\/\/www.villamalikasilvana.com\/it\/conditions-generales-de-vente\/#breadcrumb","itemListElement":[{"@type":"ListItem","position":1,"name":"Accueil","item":"https:\/\/www.villamalikasilvana.com\/it\/"},{"@type":"ListItem","position":2,"name":"Conditions g\u00e9n\u00e9rales de vente"}]},{"@type":"WebSite","@id":"https:\/\/www.villamalikasilvana.com\/it\/#website","url":"https:\/\/www.villamalikasilvana.com\/it\/","name":"Villa Malika Silvana","description":"Villa a Marrakech","publisher":{"@id":"https:\/\/www.villamalikasilvana.com\/it\/#organization"},"potentialAction":[{"@type":"SearchAction","target":{"@type":"EntryPoint","urlTemplate":"https:\/\/www.villamalikasilvana.com\/it\/?s={search_term_string}"},"query-input":{"@type":"PropertyValueSpecification","valueRequired":true,"valueName":"search_term_string"}}],"inLanguage":"it-IT"},{"@type":"Organization","@id":"https:\/\/www.villamalikasilvana.com\/it\/#organization","name":"Villa Malika Silvana","url":"https:\/\/www.villamalikasilvana.com\/it\/","logo":{"@type":"ImageObject","inLanguage":"it-IT","@id":"https:\/\/www.villamalikasilvana.com\/it\/#\/schema\/logo\/image\/","url":"https:\/\/www.villamalikasilvana.com\/wp-content\/uploads\/2023\/02\/logo-G.png","contentUrl":"https:\/\/www.villamalikasilvana.com\/wp-content\/uploads\/2023\/02\/logo-G.png","width":252,"height":110,"caption":"Villa Malika Silvana"},"image":{"@id":"https:\/\/www.villamalikasilvana.com\/it\/#\/schema\/logo\/image\/"},"sameAs":["https:\/\/www.facebook.com\/MalikaSilvana\/","https:\/\/x.com\/VillaMalika"]}]}},"_links":{"self":[{"href":"https:\/\/www.villamalikasilvana.com\/it\/wp-json\/wp\/v2\/pages\/3","targetHints":{"allow":["GET"]}}],"collection":[{"href":"https:\/\/www.villamalikasilvana.com\/it\/wp-json\/wp\/v2\/pages"}],"about":[{"href":"https:\/\/www.villamalikasilvana.com\/it\/wp-json\/wp\/v2\/types\/page"}],"author":[{"embeddable":true,"href":"https:\/\/www.villamalikasilvana.com\/it\/wp-json\/wp\/v2\/users\/1"}],"replies":[{"embeddable":true,"href":"https:\/\/www.villamalikasilvana.com\/it\/wp-json\/wp\/v2\/comments?post=3"}],"version-history":[{"count":10,"href":"https:\/\/www.villamalikasilvana.com\/it\/wp-json\/wp\/v2\/pages\/3\/revisions"}],"predecessor-version":[{"id":1393,"href":"https:\/\/www.villamalikasilvana.com\/it\/wp-json\/wp\/v2\/pages\/3\/revisions\/1393"}],"wp:attachment":[{"href":"https:\/\/www.villamalikasilvana.com\/it\/wp-json\/wp\/v2\/media?parent=3"}],"curies":[{"name":"wp","href":"https:\/\/api.w.org\/{rel}","templated":true}]}}