

{"id":492,"date":"2020-03-05T13:34:44","date_gmt":"2020-03-05T12:34:44","guid":{"rendered":"http:\/\/preprod.villamalikasilvana.com\/?page_id=492"},"modified":"2024-04-16T17:06:43","modified_gmt":"2024-04-16T15:06:43","slug":"lieu-de-reception-evenementiel","status":"publish","type":"page","link":"https:\/\/www.villamalikasilvana.com\/it\/evento\/","title":{"rendered":"Luogo di accoglienza &#8211; evento"},"content":{"rendered":"<p><\/p>\n<h2 class=\"heading\">Il tuo evento a Villa Malika Silvana<\/h2>\n<p>Marrakech offre innumerevoli paesaggi e luoghi diversi per celebrare i vostri eventi. Da 10 anni, villa Malika Silvana \u00e8 diventata uno dei luoghi pi\u00f9 emblematici che offre la sua spazio per l\u2019organizzazione di matrimoni, anniversario, riunione familiare, team building, segur Golf&#8230;<\/p>\n<p>La notte di avvistamento offerta vi permetter\u00e0 di conoscere la configurazione dei luoghi e di scoprire le possibilit\u00e0 offerte dal nostro dominio.<\/p>\n<p>Le nostre referenze e le testimonianze dei nostri ospiti sono le migliori prove.<\/p>\n<p>Villa Malika Silvana \u00e8 il luogo ideale! Dove &#8220;Vacanze in famiglia&#8221; non \u00e8 sinonimo di &#8220;Stress&#8221; &#8230;. dove il &#8220;desiderio di rilassarsi&#8221; diventa &#8220;realt\u00e0&#8221;.<\/p>","protected":false},"excerpt":{"rendered":"Il tuo evento a Villa Malika Silvana Marrakech offre innumerevoli paesaggi e luoghi diversi per celebrare i vostri eventi. Da 10 anni, villa Malika Silvana \u00e8 diventata uno dei luoghi pi\u00f9 emblematici che offre la sua spazio per l\u2019organizzazione di matrimoni, anniversario, riunione familiare, team building, segur Golf&#8230; La notte di avvistamento offerta vi permetter\u00e0&#8230; <a class=\"view-article\" href=\"https:\/\/www.villamalikasilvana.com\/it\/evento\/\">Mostra articolo<\/a>","protected":false},"author":1,"featured_media":0,"parent":0,"menu_order":0,"comment_status":"closed","ping_status":"closed","template":"template-event.php","meta":{"footnotes":""},"class_list":["post-492","page","type-page","status-publish","hentry"],"yoast_head":"<title>Luogo di ricevimento - evento Marrakech<\/title>\n<meta name=\"description\" content=\"Luogo del ricevimento: Marrakech offre una quantit\u00e0 innumerevole di paesaggi e luoghi diversi per celebrare i tuoi eventi\" \/>\n<meta name=\"robots\" content=\"index, follow, max-snippet:-1, max-image-preview:large, max-video-preview:-1\" \/>\n<meta property=\"og:locale\" content=\"it_IT\" \/>\n<meta property=\"og:type\" content=\"article\" \/>\n<meta property=\"og:title\" content=\"Luogo di ricevimento - evento Marrakech\" \/>\n<meta property=\"og:description\" content=\"Luogo del ricevimento: Marrakech offre una quantit\u00e0 innumerevole di paesaggi e luoghi diversi per celebrare i tuoi eventi\" \/>\n<meta property=\"og:url\" content=\"https:\/\/www.villamalikasilvana.com\/it\/lieu-de-reception-evenementiel\/\" \/>\n<meta property=\"og:site_name\" content=\"Villa Malika Silvana\" \/>\n<meta property=\"article:publisher\" content=\"https:\/\/www.facebook.com\/MalikaSilvana\/\" \/>\n<meta property=\"article:modified_time\" content=\"2024-04-16T15:06:43+00:00\" \/>\n<meta name=\"twitter:card\" content=\"summary_large_image\" \/>\n<meta name=\"twitter:site\" content=\"@VillaMalika\" \/>\n<meta name=\"twitter:label1\" content=\"Tempo di lettura stimato\" \/>\n\t<meta name=\"twitter:data1\" content=\"1 minuto\" \/>\n<script type=\"application\/ld+json\" class=\"yoast-schema-graph\">{\"@context\":\"https:\\\/\\\/schema.org\",\"@graph\":[{\"@type\":\"WebPage\",\"@id\":\"https:\\\/\\\/www.villamalikasilvana.com\\\/it\\\/lieu-de-reception-evenementiel\\\/\",\"url\":\"https:\\\/\\\/www.villamalikasilvana.com\\\/it\\\/lieu-de-reception-evenementiel\\\/\",\"name\":\"Luogo di ricevimento - evento Marrakech\",\"isPartOf\":{\"@id\":\"https:\\\/\\\/www.villamalikasilvana.com\\\/it\\\/#website\"},\"datePublished\":\"2020-03-05T12:34:44+00:00\",\"dateModified\":\"2024-04-16T15:06:43+00:00\",\"description\":\"Luogo del ricevimento: Marrakech offre una quantit\u00e0 innumerevole di paesaggi e luoghi diversi per celebrare i tuoi eventi\",\"breadcrumb\":{\"@id\":\"https:\\\/\\\/www.villamalikasilvana.com\\\/it\\\/lieu-de-reception-evenementiel\\\/#breadcrumb\"},\"inLanguage\":\"it-IT\",\"potentialAction\":[{\"@type\":\"ReadAction\",\"target\":[[\"https:\\\/\\\/www.villamalikasilvana.com\\\/it\\\/lieu-de-reception-evenementiel\\\/\"]]}]},{\"@type\":\"BreadcrumbList\",\"@id\":\"https:\\\/\\\/www.villamalikasilvana.com\\\/it\\\/lieu-de-reception-evenementiel\\\/#breadcrumb\",\"itemListElement\":[{\"@type\":\"ListItem\",\"position\":1,\"name\":\"Accueil\",\"item\":\"https:\\\/\\\/www.villamalikasilvana.com\\\/it\\\/\"},{\"@type\":\"ListItem\",\"position\":2,\"name\":\"Organisez votre \u00e9v\u00e9nement priv\u00e9\"}]},{\"@type\":\"WebSite\",\"@id\":\"https:\\\/\\\/www.villamalikasilvana.com\\\/it\\\/#website\",\"url\":\"https:\\\/\\\/www.villamalikasilvana.com\\\/it\\\/\",\"name\":\"Villa Malika Silvana\",\"description\":\"Villa a Marrakech\",\"publisher\":{\"@id\":\"https:\\\/\\\/www.villamalikasilvana.com\\\/it\\\/#organization\"},\"potentialAction\":[{\"@type\":\"SearchAction\",\"target\":{\"@type\":\"EntryPoint\",\"urlTemplate\":\"https:\\\/\\\/www.villamalikasilvana.com\\\/it\\\/?s={search_term_string}\"},\"query-input\":{\"@type\":\"PropertyValueSpecification\",\"valueRequired\":true,\"valueName\":\"search_term_string\"}}],\"inLanguage\":\"it-IT\"},{\"@type\":\"Organization\",\"@id\":\"https:\\\/\\\/www.villamalikasilvana.com\\\/it\\\/#organization\",\"name\":\"Villa Malika Silvana\",\"url\":\"https:\\\/\\\/www.villamalikasilvana.com\\\/it\\\/\",\"logo\":{\"@type\":\"ImageObject\",\"inLanguage\":\"it-IT\",\"@id\":\"https:\\\/\\\/www.villamalikasilvana.com\\\/it\\\/#\\\/schema\\\/logo\\\/image\\\/\",\"url\":\"https:\\\/\\\/www.villamalikasilvana.com\\\/wp-content\\\/uploads\\\/2023\\\/02\\\/logo-G.png\",\"contentUrl\":\"https:\\\/\\\/www.villamalikasilvana.com\\\/wp-content\\\/uploads\\\/2023\\\/02\\\/logo-G.png\",\"width\":252,\"height\":110,\"caption\":\"Villa Malika Silvana\"},\"image\":{\"@id\":\"https:\\\/\\\/www.villamalikasilvana.com\\\/it\\\/#\\\/schema\\\/logo\\\/image\\\/\"},\"sameAs\":[\"https:\\\/\\\/www.facebook.com\\\/MalikaSilvana\\\/\",\"https:\\\/\\\/x.com\\\/VillaMalika\"]}]}<\/script>","yoast_head_json":{"title":"Luogo di ricevimento - evento Marrakech","description":"Luogo del ricevimento: Marrakech offre una quantit\u00e0 innumerevole di paesaggi e luoghi diversi per celebrare i tuoi eventi","robots":{"index":"index","follow":"follow","max-snippet":"max-snippet:-1","max-image-preview":"max-image-preview:large","max-video-preview":"max-video-preview:-1"},"og_locale":"it_IT","og_type":"article","og_title":"Luogo di ricevimento - evento Marrakech","og_description":"Luogo del ricevimento: Marrakech offre una quantit\u00e0 innumerevole di paesaggi e luoghi diversi per celebrare i tuoi eventi","og_url":"https:\/\/www.villamalikasilvana.com\/it\/lieu-de-reception-evenementiel\/","og_site_name":"Villa Malika Silvana","article_publisher":"https:\/\/www.facebook.com\/MalikaSilvana\/","article_modified_time":"2024-04-16T15:06:43+00:00","twitter_card":"summary_large_image","twitter_site":"@VillaMalika","twitter_misc":{"Tempo di lettura stimato":"1 minuto"},"schema":{"@context":"https:\/\/schema.org","@graph":[{"@type":"WebPage","@id":"https:\/\/www.villamalikasilvana.com\/it\/lieu-de-reception-evenementiel\/","url":"https:\/\/www.villamalikasilvana.com\/it\/lieu-de-reception-evenementiel\/","name":"Luogo di ricevimento - evento Marrakech","isPartOf":{"@id":"https:\/\/www.villamalikasilvana.com\/it\/#website"},"datePublished":"2020-03-05T12:34:44+00:00","dateModified":"2024-04-16T15:06:43+00:00","description":"Luogo del ricevimento: Marrakech offre una quantit\u00e0 innumerevole di paesaggi e luoghi diversi per celebrare i tuoi eventi","breadcrumb":{"@id":"https:\/\/www.villamalikasilvana.com\/it\/lieu-de-reception-evenementiel\/#breadcrumb"},"inLanguage":"it-IT","potentialAction":[{"@type":"ReadAction","target":[["https:\/\/www.villamalikasilvana.com\/it\/lieu-de-reception-evenementiel\/"]]}]},{"@type":"BreadcrumbList","@id":"https:\/\/www.villamalikasilvana.com\/it\/lieu-de-reception-evenementiel\/#breadcrumb","itemListElement":[{"@type":"ListItem","position":1,"name":"Accueil","item":"https:\/\/www.villamalikasilvana.com\/it\/"},{"@type":"ListItem","position":2,"name":"Organisez votre \u00e9v\u00e9nement priv\u00e9"}]},{"@type":"WebSite","@id":"https:\/\/www.villamalikasilvana.com\/it\/#website","url":"https:\/\/www.villamalikasilvana.com\/it\/","name":"Villa Malika Silvana","description":"Villa a Marrakech","publisher":{"@id":"https:\/\/www.villamalikasilvana.com\/it\/#organization"},"potentialAction":[{"@type":"SearchAction","target":{"@type":"EntryPoint","urlTemplate":"https:\/\/www.villamalikasilvana.com\/it\/?s={search_term_string}"},"query-input":{"@type":"PropertyValueSpecification","valueRequired":true,"valueName":"search_term_string"}}],"inLanguage":"it-IT"},{"@type":"Organization","@id":"https:\/\/www.villamalikasilvana.com\/it\/#organization","name":"Villa Malika Silvana","url":"https:\/\/www.villamalikasilvana.com\/it\/","logo":{"@type":"ImageObject","inLanguage":"it-IT","@id":"https:\/\/www.villamalikasilvana.com\/it\/#\/schema\/logo\/image\/","url":"https:\/\/www.villamalikasilvana.com\/wp-content\/uploads\/2023\/02\/logo-G.png","contentUrl":"https:\/\/www.villamalikasilvana.com\/wp-content\/uploads\/2023\/02\/logo-G.png","width":252,"height":110,"caption":"Villa Malika Silvana"},"image":{"@id":"https:\/\/www.villamalikasilvana.com\/it\/#\/schema\/logo\/image\/"},"sameAs":["https:\/\/www.facebook.com\/MalikaSilvana\/","https:\/\/x.com\/VillaMalika"]}]}},"_links":{"self":[{"href":"https:\/\/www.villamalikasilvana.com\/it\/wp-json\/wp\/v2\/pages\/492","targetHints":{"allow":["GET"]}}],"collection":[{"href":"https:\/\/www.villamalikasilvana.com\/it\/wp-json\/wp\/v2\/pages"}],"about":[{"href":"https:\/\/www.villamalikasilvana.com\/it\/wp-json\/wp\/v2\/types\/page"}],"author":[{"embeddable":true,"href":"https:\/\/www.villamalikasilvana.com\/it\/wp-json\/wp\/v2\/users\/1"}],"replies":[{"embeddable":true,"href":"https:\/\/www.villamalikasilvana.com\/it\/wp-json\/wp\/v2\/comments?post=492"}],"version-history":[{"count":50,"href":"https:\/\/www.villamalikasilvana.com\/it\/wp-json\/wp\/v2\/pages\/492\/revisions"}],"predecessor-version":[{"id":1435,"href":"https:\/\/www.villamalikasilvana.com\/it\/wp-json\/wp\/v2\/pages\/492\/revisions\/1435"}],"wp:attachment":[{"href":"https:\/\/www.villamalikasilvana.com\/it\/wp-json\/wp\/v2\/media?parent=492"}],"curies":[{"name":"wp","href":"https:\/\/api.w.org\/{rel}","templated":true}]}}