

{"id":492,"date":"2020-03-05T13:34:44","date_gmt":"2020-03-05T12:34:44","guid":{"rendered":"http:\/\/preprod.villamalikasilvana.com\/?page_id=492"},"modified":"2024-04-16T17:06:43","modified_gmt":"2024-04-16T15:06:43","slug":"lieu-de-reception-evenementiel","status":"publish","type":"page","link":"https:\/\/www.villamalikasilvana.com\/pb\/local-da-recepcao-evento\/","title":{"rendered":"Local da recep\u00e7\u00e3o &#8211; evento"},"content":{"rendered":"<p>Seu evento em Villa Malika Silvana<\/p>\n<p>Marrakech oferece uma quantidade inumer\u00e1vel de paisagens e lugares diferentes para celebrar seus eventos. Por 10 anos, a villa Malika silvana se tornou um dos lugares mais emblem\u00e1ticos que oferece espa\u00e7o para a organiza\u00e7\u00e3o de casamentos, anivers\u00e1rios, reuni\u00f5es de fam\u00edlia, forma\u00e7\u00e3o de equipes, golfe &#8230;<\/p>\n<p>A noite da localiza\u00e7\u00e3o oferecida permitir\u00e1 que voc\u00ea tome nota da configura\u00e7\u00e3o dos locais e descubra as possibilidades oferecidas pelo nosso dom\u00ednio.<\/p>\n<p>Nossas refer\u00eancias e os testemunhos de nossos anfitri\u00f5es s\u00e3o nossa melhor evid\u00eancia.<\/p>\n<p>Villa Malika Silvana \u00e9 o lugar ideal! Onde &#8220;F\u00e9rias em Fam\u00edlia&#8221; n\u00e3o \u00e9 sin\u00f4nimo de &#8220;Estresse&#8221; &#8230;.. onde o &#8220;Desejo de Relaxar&#8221; se torna &#8220;Realidade&#8221;.<\/p>","protected":false},"excerpt":{"rendered":"Seu evento em Villa Malika Silvana Marrakech oferece uma quantidade inumer\u00e1vel de paisagens e lugares diferentes para celebrar seus eventos. Por 10 anos, a villa Malika silvana se tornou um dos lugares mais emblem\u00e1ticos que oferece espa\u00e7o para a organiza\u00e7\u00e3o de casamentos, anivers\u00e1rios, reuni\u00f5es de fam\u00edlia, forma\u00e7\u00e3o de equipes, golfe &#8230; A noite da localiza\u00e7\u00e3o&#8230; <a class=\"view-article\" href=\"https:\/\/www.villamalikasilvana.com\/pb\/local-da-recepcao-evento\/\">Ver artigo<\/a>","protected":false},"author":1,"featured_media":0,"parent":0,"menu_order":0,"comment_status":"closed","ping_status":"closed","template":"template-event.php","meta":{"footnotes":""},"class_list":["post-492","page","type-page","status-publish","hentry"],"yoast_head":"<title>Local de recep\u00e7\u00e3o - evento Marrakech<\/title>\n<meta name=\"description\" content=\"Local de recep\u00e7\u00e3o: Marrakech oferece uma infinidade de paisagens e diferentes lugares para celebrar seus eventos\" \/>\n<meta name=\"robots\" content=\"index, follow, max-snippet:-1, max-image-preview:large, max-video-preview:-1\" \/>\n<meta property=\"og:locale\" content=\"pt_BR\" \/>\n<meta property=\"og:type\" content=\"article\" \/>\n<meta property=\"og:title\" content=\"Local de recep\u00e7\u00e3o - evento Marrakech\" \/>\n<meta property=\"og:description\" content=\"Local de recep\u00e7\u00e3o: Marrakech oferece uma infinidade de paisagens e diferentes lugares para celebrar seus eventos\" \/>\n<meta property=\"og:url\" content=\"https:\/\/www.villamalikasilvana.com\/pb\/lieu-de-reception-evenementiel\/\" \/>\n<meta property=\"og:site_name\" content=\"Villa Malika Silvana\" \/>\n<meta property=\"article:publisher\" content=\"https:\/\/www.facebook.com\/MalikaSilvana\/\" \/>\n<meta property=\"article:modified_time\" content=\"2024-04-16T15:06:43+00:00\" \/>\n<meta name=\"twitter:card\" content=\"summary_large_image\" \/>\n<meta name=\"twitter:site\" content=\"@VillaMalika\" \/>\n<meta name=\"twitter:label1\" content=\"Est. tempo de leitura\" \/>\n\t<meta name=\"twitter:data1\" content=\"1 minuto\" \/>\n<script type=\"application\/ld+json\" class=\"yoast-schema-graph\">{\"@context\":\"https:\\\/\\\/schema.org\",\"@graph\":[{\"@type\":\"WebPage\",\"@id\":\"https:\\\/\\\/www.villamalikasilvana.com\\\/pb\\\/lieu-de-reception-evenementiel\\\/\",\"url\":\"https:\\\/\\\/www.villamalikasilvana.com\\\/pb\\\/lieu-de-reception-evenementiel\\\/\",\"name\":\"Local de recep\u00e7\u00e3o - evento Marrakech\",\"isPartOf\":{\"@id\":\"https:\\\/\\\/www.villamalikasilvana.com\\\/pb\\\/#website\"},\"datePublished\":\"2020-03-05T12:34:44+00:00\",\"dateModified\":\"2024-04-16T15:06:43+00:00\",\"description\":\"Local de recep\u00e7\u00e3o: Marrakech oferece uma infinidade de paisagens e diferentes lugares para celebrar seus eventos\",\"breadcrumb\":{\"@id\":\"https:\\\/\\\/www.villamalikasilvana.com\\\/pb\\\/lieu-de-reception-evenementiel\\\/#breadcrumb\"},\"inLanguage\":\"pt-BR\",\"potentialAction\":[{\"@type\":\"ReadAction\",\"target\":[[\"https:\\\/\\\/www.villamalikasilvana.com\\\/pb\\\/lieu-de-reception-evenementiel\\\/\"]]}]},{\"@type\":\"BreadcrumbList\",\"@id\":\"https:\\\/\\\/www.villamalikasilvana.com\\\/pb\\\/lieu-de-reception-evenementiel\\\/#breadcrumb\",\"itemListElement\":[{\"@type\":\"ListItem\",\"position\":1,\"name\":\"Accueil\",\"item\":\"https:\\\/\\\/www.villamalikasilvana.com\\\/pb\\\/\"},{\"@type\":\"ListItem\",\"position\":2,\"name\":\"Organisez votre \u00e9v\u00e9nement priv\u00e9\"}]},{\"@type\":\"WebSite\",\"@id\":\"https:\\\/\\\/www.villamalikasilvana.com\\\/pb\\\/#website\",\"url\":\"https:\\\/\\\/www.villamalikasilvana.com\\\/pb\\\/\",\"name\":\"Villa Malika Silvana\",\"description\":\"Villa em Marrakech\",\"publisher\":{\"@id\":\"https:\\\/\\\/www.villamalikasilvana.com\\\/pb\\\/#organization\"},\"potentialAction\":[{\"@type\":\"SearchAction\",\"target\":{\"@type\":\"EntryPoint\",\"urlTemplate\":\"https:\\\/\\\/www.villamalikasilvana.com\\\/pb\\\/?s={search_term_string}\"},\"query-input\":{\"@type\":\"PropertyValueSpecification\",\"valueRequired\":true,\"valueName\":\"search_term_string\"}}],\"inLanguage\":\"pt-BR\"},{\"@type\":\"Organization\",\"@id\":\"https:\\\/\\\/www.villamalikasilvana.com\\\/pb\\\/#organization\",\"name\":\"Villa Malika Silvana\",\"url\":\"https:\\\/\\\/www.villamalikasilvana.com\\\/pb\\\/\",\"logo\":{\"@type\":\"ImageObject\",\"inLanguage\":\"pt-BR\",\"@id\":\"https:\\\/\\\/www.villamalikasilvana.com\\\/pb\\\/#\\\/schema\\\/logo\\\/image\\\/\",\"url\":\"https:\\\/\\\/www.villamalikasilvana.com\\\/wp-content\\\/uploads\\\/2023\\\/02\\\/logo-G.png\",\"contentUrl\":\"https:\\\/\\\/www.villamalikasilvana.com\\\/wp-content\\\/uploads\\\/2023\\\/02\\\/logo-G.png\",\"width\":252,\"height\":110,\"caption\":\"Villa Malika Silvana\"},\"image\":{\"@id\":\"https:\\\/\\\/www.villamalikasilvana.com\\\/pb\\\/#\\\/schema\\\/logo\\\/image\\\/\"},\"sameAs\":[\"https:\\\/\\\/www.facebook.com\\\/MalikaSilvana\\\/\",\"https:\\\/\\\/x.com\\\/VillaMalika\"]}]}<\/script>","yoast_head_json":{"title":"Local de recep\u00e7\u00e3o - evento Marrakech","description":"Local de recep\u00e7\u00e3o: Marrakech oferece uma infinidade de paisagens e diferentes lugares para celebrar seus eventos","robots":{"index":"index","follow":"follow","max-snippet":"max-snippet:-1","max-image-preview":"max-image-preview:large","max-video-preview":"max-video-preview:-1"},"og_locale":"pt_BR","og_type":"article","og_title":"Local de recep\u00e7\u00e3o - evento Marrakech","og_description":"Local de recep\u00e7\u00e3o: Marrakech oferece uma infinidade de paisagens e diferentes lugares para celebrar seus eventos","og_url":"https:\/\/www.villamalikasilvana.com\/pb\/lieu-de-reception-evenementiel\/","og_site_name":"Villa Malika Silvana","article_publisher":"https:\/\/www.facebook.com\/MalikaSilvana\/","article_modified_time":"2024-04-16T15:06:43+00:00","twitter_card":"summary_large_image","twitter_site":"@VillaMalika","twitter_misc":{"Est. tempo de leitura":"1 minuto"},"schema":{"@context":"https:\/\/schema.org","@graph":[{"@type":"WebPage","@id":"https:\/\/www.villamalikasilvana.com\/pb\/lieu-de-reception-evenementiel\/","url":"https:\/\/www.villamalikasilvana.com\/pb\/lieu-de-reception-evenementiel\/","name":"Local de recep\u00e7\u00e3o - evento Marrakech","isPartOf":{"@id":"https:\/\/www.villamalikasilvana.com\/pb\/#website"},"datePublished":"2020-03-05T12:34:44+00:00","dateModified":"2024-04-16T15:06:43+00:00","description":"Local de recep\u00e7\u00e3o: Marrakech oferece uma infinidade de paisagens e diferentes lugares para celebrar seus eventos","breadcrumb":{"@id":"https:\/\/www.villamalikasilvana.com\/pb\/lieu-de-reception-evenementiel\/#breadcrumb"},"inLanguage":"pt-BR","potentialAction":[{"@type":"ReadAction","target":[["https:\/\/www.villamalikasilvana.com\/pb\/lieu-de-reception-evenementiel\/"]]}]},{"@type":"BreadcrumbList","@id":"https:\/\/www.villamalikasilvana.com\/pb\/lieu-de-reception-evenementiel\/#breadcrumb","itemListElement":[{"@type":"ListItem","position":1,"name":"Accueil","item":"https:\/\/www.villamalikasilvana.com\/pb\/"},{"@type":"ListItem","position":2,"name":"Organisez votre \u00e9v\u00e9nement priv\u00e9"}]},{"@type":"WebSite","@id":"https:\/\/www.villamalikasilvana.com\/pb\/#website","url":"https:\/\/www.villamalikasilvana.com\/pb\/","name":"Villa Malika Silvana","description":"Villa em Marrakech","publisher":{"@id":"https:\/\/www.villamalikasilvana.com\/pb\/#organization"},"potentialAction":[{"@type":"SearchAction","target":{"@type":"EntryPoint","urlTemplate":"https:\/\/www.villamalikasilvana.com\/pb\/?s={search_term_string}"},"query-input":{"@type":"PropertyValueSpecification","valueRequired":true,"valueName":"search_term_string"}}],"inLanguage":"pt-BR"},{"@type":"Organization","@id":"https:\/\/www.villamalikasilvana.com\/pb\/#organization","name":"Villa Malika Silvana","url":"https:\/\/www.villamalikasilvana.com\/pb\/","logo":{"@type":"ImageObject","inLanguage":"pt-BR","@id":"https:\/\/www.villamalikasilvana.com\/pb\/#\/schema\/logo\/image\/","url":"https:\/\/www.villamalikasilvana.com\/wp-content\/uploads\/2023\/02\/logo-G.png","contentUrl":"https:\/\/www.villamalikasilvana.com\/wp-content\/uploads\/2023\/02\/logo-G.png","width":252,"height":110,"caption":"Villa Malika Silvana"},"image":{"@id":"https:\/\/www.villamalikasilvana.com\/pb\/#\/schema\/logo\/image\/"},"sameAs":["https:\/\/www.facebook.com\/MalikaSilvana\/","https:\/\/x.com\/VillaMalika"]}]}},"_links":{"self":[{"href":"https:\/\/www.villamalikasilvana.com\/pb\/wp-json\/wp\/v2\/pages\/492","targetHints":{"allow":["GET"]}}],"collection":[{"href":"https:\/\/www.villamalikasilvana.com\/pb\/wp-json\/wp\/v2\/pages"}],"about":[{"href":"https:\/\/www.villamalikasilvana.com\/pb\/wp-json\/wp\/v2\/types\/page"}],"author":[{"embeddable":true,"href":"https:\/\/www.villamalikasilvana.com\/pb\/wp-json\/wp\/v2\/users\/1"}],"replies":[{"embeddable":true,"href":"https:\/\/www.villamalikasilvana.com\/pb\/wp-json\/wp\/v2\/comments?post=492"}],"version-history":[{"count":50,"href":"https:\/\/www.villamalikasilvana.com\/pb\/wp-json\/wp\/v2\/pages\/492\/revisions"}],"predecessor-version":[{"id":1435,"href":"https:\/\/www.villamalikasilvana.com\/pb\/wp-json\/wp\/v2\/pages\/492\/revisions\/1435"}],"wp:attachment":[{"href":"https:\/\/www.villamalikasilvana.com\/pb\/wp-json\/wp\/v2\/media?parent=492"}],"curies":[{"name":"wp","href":"https:\/\/api.w.org\/{rel}","templated":true}]}}