

{"id":6,"date":"2019-07-05T14:02:17","date_gmt":"2019-07-05T12:02:17","guid":{"rendered":"http:\/\/preprod.villamalikasilvana.com\/?page_id=6"},"modified":"2024-01-08T13:39:30","modified_gmt":"2024-01-08T12:39:30","slug":"accueil","status":"publish","type":"page","link":"https:\/\/www.villamalikasilvana.com\/pb\/","title":{"rendered":"P\u00e1gina inicial"},"content":{"rendered":"<p class=\"qtranxs-available-languages-message qtranxs-available-languages-message-pb\">Desculpe-nos, mas este texto est\u00e1 apenas dispon\u00edvel em <a href=\"https:\/\/www.villamalikasilvana.com\/ar\/wp-json\/wp\/v2\/pages\/6\" class=\"qtranxs-available-language-link qtranxs-available-language-link-ar\" title=\"\u0627\u0644\u0639\u0631\u0628\u064a\u0629\">\u0627\u0644\u0639\u0631\u0628\u064a\u0629<\/a>.<\/p>","protected":false},"excerpt":{"rendered":"Desculpe-nos, mas este texto est\u00e1 apenas dispon\u00edvel em \u0627\u0644\u0639\u0631\u0628\u064a\u0629.","protected":false},"author":1,"featured_media":0,"parent":0,"menu_order":0,"comment_status":"closed","ping_status":"closed","template":"template-home.php","meta":{"footnotes":""},"class_list":["post-6","page","type-page","status-publish","hentry"],"yoast_head":"<title>Aluguel de vivenda em Marraquexe, alojamento de luxo<\/title>\n<meta name=\"description\" content=\"Aluguel de vivenda em Marrakech. Uma estadia\u200c onde\u200c sil\u00eancio, \u200c uma defini\u00e7\u00e3o sutil\u200c de luxo. Villa Malika Silvana proporciona aos seus visitantes uma mudan\u00e7a de cen\u00e1rio at\u00edpica\" \/>\n<meta name=\"robots\" content=\"index, follow, max-snippet:-1, max-image-preview:large, max-video-preview:-1\" \/>\n<meta property=\"og:locale\" content=\"pt_BR\" \/>\n<meta property=\"og:type\" content=\"article\" \/>\n<meta property=\"og:title\" content=\"Aluguel de vivenda em Marraquexe, alojamento de luxo\" \/>\n<meta property=\"og:description\" content=\"Aluguel de vivenda em Marrakech. Uma estadia\u200c onde\u200c sil\u00eancio, \u200c uma defini\u00e7\u00e3o sutil\u200c de luxo. Villa Malika Silvana proporciona aos seus visitantes uma mudan\u00e7a de cen\u00e1rio at\u00edpica\" \/>\n<meta property=\"og:url\" content=\"https:\/\/www.villamalikasilvana.com\/pb\/\" \/>\n<meta property=\"og:site_name\" content=\"Villa Malika Silvana\" \/>\n<meta property=\"article:publisher\" content=\"https:\/\/www.facebook.com\/MalikaSilvana\/\" \/>\n<meta property=\"article:modified_time\" content=\"2024-01-08T12:39:30+00:00\" \/>\n<meta name=\"twitter:card\" content=\"summary_large_image\" \/>\n<meta name=\"twitter:site\" content=\"@VillaMalika\" \/>\n<script type=\"application\/ld+json\" class=\"yoast-schema-graph\">{\"@context\":\"https:\\\/\\\/schema.org\",\"@graph\":[{\"@type\":\"WebPage\",\"@id\":\"https:\\\/\\\/www.villamalikasilvana.com\\\/pb\\\/\",\"url\":\"https:\\\/\\\/www.villamalikasilvana.com\\\/pb\\\/\",\"name\":\"Aluguel de vivenda em Marraquexe, alojamento de luxo\",\"isPartOf\":{\"@id\":\"https:\\\/\\\/www.villamalikasilvana.com\\\/pb\\\/#website\"},\"datePublished\":\"2019-07-05T12:02:17+00:00\",\"dateModified\":\"2024-01-08T12:39:30+00:00\",\"description\":\"Aluguel de vivenda em Marrakech. Uma estadia\u200c onde\u200c sil\u00eancio, \u200c uma defini\u00e7\u00e3o sutil\u200c de luxo. Villa Malika Silvana proporciona aos seus visitantes uma mudan\u00e7a de cen\u00e1rio at\u00edpica\",\"breadcrumb\":{\"@id\":\"https:\\\/\\\/www.villamalikasilvana.com\\\/pb\\\/#breadcrumb\"},\"inLanguage\":\"pt-BR\",\"potentialAction\":[{\"@type\":\"ReadAction\",\"target\":[[\"https:\\\/\\\/www.villamalikasilvana.com\\\/pb\\\/\"]]}]},{\"@type\":\"BreadcrumbList\",\"@id\":\"https:\\\/\\\/www.villamalikasilvana.com\\\/pb\\\/#breadcrumb\",\"itemListElement\":[{\"@type\":\"ListItem\",\"position\":1,\"name\":\"Accueil\",\"item\":\"https:\\\/\\\/www.villamalikasilvana.com\\\/pb\\\/\"},{\"@type\":\"ListItem\",\"position\":2,\"name\":\"Accueil\"}]},{\"@type\":\"WebSite\",\"@id\":\"https:\\\/\\\/www.villamalikasilvana.com\\\/pb\\\/#website\",\"url\":\"https:\\\/\\\/www.villamalikasilvana.com\\\/pb\\\/\",\"name\":\"Villa Malika Silvana\",\"description\":\"Villa em Marrakech\",\"publisher\":{\"@id\":\"https:\\\/\\\/www.villamalikasilvana.com\\\/pb\\\/#organization\"},\"potentialAction\":[{\"@type\":\"SearchAction\",\"target\":{\"@type\":\"EntryPoint\",\"urlTemplate\":\"https:\\\/\\\/www.villamalikasilvana.com\\\/pb\\\/?s={search_term_string}\"},\"query-input\":{\"@type\":\"PropertyValueSpecification\",\"valueRequired\":true,\"valueName\":\"search_term_string\"}}],\"inLanguage\":\"pt-BR\"},{\"@type\":\"Organization\",\"@id\":\"https:\\\/\\\/www.villamalikasilvana.com\\\/pb\\\/#organization\",\"name\":\"Villa Malika Silvana\",\"url\":\"https:\\\/\\\/www.villamalikasilvana.com\\\/pb\\\/\",\"logo\":{\"@type\":\"ImageObject\",\"inLanguage\":\"pt-BR\",\"@id\":\"https:\\\/\\\/www.villamalikasilvana.com\\\/pb\\\/#\\\/schema\\\/logo\\\/image\\\/\",\"url\":\"https:\\\/\\\/www.villamalikasilvana.com\\\/wp-content\\\/uploads\\\/2023\\\/02\\\/logo-G.png\",\"contentUrl\":\"https:\\\/\\\/www.villamalikasilvana.com\\\/wp-content\\\/uploads\\\/2023\\\/02\\\/logo-G.png\",\"width\":252,\"height\":110,\"caption\":\"Villa Malika Silvana\"},\"image\":{\"@id\":\"https:\\\/\\\/www.villamalikasilvana.com\\\/pb\\\/#\\\/schema\\\/logo\\\/image\\\/\"},\"sameAs\":[\"https:\\\/\\\/www.facebook.com\\\/MalikaSilvana\\\/\",\"https:\\\/\\\/x.com\\\/VillaMalika\"]}]}<\/script>","yoast_head_json":{"title":"Aluguel de vivenda em Marraquexe, alojamento de luxo","description":"Aluguel de vivenda em Marrakech. Uma estadia\u200c onde\u200c sil\u00eancio, \u200c uma defini\u00e7\u00e3o sutil\u200c de luxo. Villa Malika Silvana proporciona aos seus visitantes uma mudan\u00e7a de cen\u00e1rio at\u00edpica","robots":{"index":"index","follow":"follow","max-snippet":"max-snippet:-1","max-image-preview":"max-image-preview:large","max-video-preview":"max-video-preview:-1"},"og_locale":"pt_BR","og_type":"article","og_title":"Aluguel de vivenda em Marraquexe, alojamento de luxo","og_description":"Aluguel de vivenda em Marrakech. Uma estadia\u200c onde\u200c sil\u00eancio, \u200c uma defini\u00e7\u00e3o sutil\u200c de luxo. Villa Malika Silvana proporciona aos seus visitantes uma mudan\u00e7a de cen\u00e1rio at\u00edpica","og_url":"https:\/\/www.villamalikasilvana.com\/pb\/","og_site_name":"Villa Malika Silvana","article_publisher":"https:\/\/www.facebook.com\/MalikaSilvana\/","article_modified_time":"2024-01-08T12:39:30+00:00","twitter_card":"summary_large_image","twitter_site":"@VillaMalika","schema":{"@context":"https:\/\/schema.org","@graph":[{"@type":"WebPage","@id":"https:\/\/www.villamalikasilvana.com\/pb\/","url":"https:\/\/www.villamalikasilvana.com\/pb\/","name":"Aluguel de vivenda em Marraquexe, alojamento de luxo","isPartOf":{"@id":"https:\/\/www.villamalikasilvana.com\/pb\/#website"},"datePublished":"2019-07-05T12:02:17+00:00","dateModified":"2024-01-08T12:39:30+00:00","description":"Aluguel de vivenda em Marrakech. Uma estadia\u200c onde\u200c sil\u00eancio, \u200c uma defini\u00e7\u00e3o sutil\u200c de luxo. Villa Malika Silvana proporciona aos seus visitantes uma mudan\u00e7a de cen\u00e1rio at\u00edpica","breadcrumb":{"@id":"https:\/\/www.villamalikasilvana.com\/pb\/#breadcrumb"},"inLanguage":"pt-BR","potentialAction":[{"@type":"ReadAction","target":[["https:\/\/www.villamalikasilvana.com\/pb\/"]]}]},{"@type":"BreadcrumbList","@id":"https:\/\/www.villamalikasilvana.com\/pb\/#breadcrumb","itemListElement":[{"@type":"ListItem","position":1,"name":"Accueil","item":"https:\/\/www.villamalikasilvana.com\/pb\/"},{"@type":"ListItem","position":2,"name":"Accueil"}]},{"@type":"WebSite","@id":"https:\/\/www.villamalikasilvana.com\/pb\/#website","url":"https:\/\/www.villamalikasilvana.com\/pb\/","name":"Villa Malika Silvana","description":"Villa em Marrakech","publisher":{"@id":"https:\/\/www.villamalikasilvana.com\/pb\/#organization"},"potentialAction":[{"@type":"SearchAction","target":{"@type":"EntryPoint","urlTemplate":"https:\/\/www.villamalikasilvana.com\/pb\/?s={search_term_string}"},"query-input":{"@type":"PropertyValueSpecification","valueRequired":true,"valueName":"search_term_string"}}],"inLanguage":"pt-BR"},{"@type":"Organization","@id":"https:\/\/www.villamalikasilvana.com\/pb\/#organization","name":"Villa Malika Silvana","url":"https:\/\/www.villamalikasilvana.com\/pb\/","logo":{"@type":"ImageObject","inLanguage":"pt-BR","@id":"https:\/\/www.villamalikasilvana.com\/pb\/#\/schema\/logo\/image\/","url":"https:\/\/www.villamalikasilvana.com\/wp-content\/uploads\/2023\/02\/logo-G.png","contentUrl":"https:\/\/www.villamalikasilvana.com\/wp-content\/uploads\/2023\/02\/logo-G.png","width":252,"height":110,"caption":"Villa Malika Silvana"},"image":{"@id":"https:\/\/www.villamalikasilvana.com\/pb\/#\/schema\/logo\/image\/"},"sameAs":["https:\/\/www.facebook.com\/MalikaSilvana\/","https:\/\/x.com\/VillaMalika"]}]}},"_links":{"self":[{"href":"https:\/\/www.villamalikasilvana.com\/pb\/wp-json\/wp\/v2\/pages\/6","targetHints":{"allow":["GET"]}}],"collection":[{"href":"https:\/\/www.villamalikasilvana.com\/pb\/wp-json\/wp\/v2\/pages"}],"about":[{"href":"https:\/\/www.villamalikasilvana.com\/pb\/wp-json\/wp\/v2\/types\/page"}],"author":[{"embeddable":true,"href":"https:\/\/www.villamalikasilvana.com\/pb\/wp-json\/wp\/v2\/users\/1"}],"replies":[{"embeddable":true,"href":"https:\/\/www.villamalikasilvana.com\/pb\/wp-json\/wp\/v2\/comments?post=6"}],"version-history":[{"count":98,"href":"https:\/\/www.villamalikasilvana.com\/pb\/wp-json\/wp\/v2\/pages\/6\/revisions"}],"predecessor-version":[{"id":1400,"href":"https:\/\/www.villamalikasilvana.com\/pb\/wp-json\/wp\/v2\/pages\/6\/revisions\/1400"}],"wp:attachment":[{"href":"https:\/\/www.villamalikasilvana.com\/pb\/wp-json\/wp\/v2\/media?parent=6"}],"curies":[{"name":"wp","href":"https:\/\/api.w.org\/{rel}","templated":true}]}}